{"id":3737,"date":"2020-11-06T09:56:59","date_gmt":"2020-12-21T09:07:23","guid":{"rendered":"http:\/\/rayt.com\/?post_type=product&#038;p=3737"},"modified":"2021-02-17T10:52:53","modified_gmt":"2021-02-17T10:52:53","slug":"ma-6824-n","status":"publish","type":"product","link":"https:\/\/rayt.com\/fr\/producto\/ma-6824-n\/","title":{"rendered":"MA-6824-N"},"content":{"rendered":"<div id=\"description_block\">\n<div id=\"description_content\" class=\"rte align_justify\">\n<div id=\"description_block\">\n<div id=\"description_content\" class=\"rte align_justify\">\n<div id=\"description_block\">\n<div id=\"description_content\" class=\"rte align_justify\">\n<p>ADH\u00c9SIF THERMOFUSIBLE SENSIBLE \u00c0 LA PRESSION SP\u00c9CIAL POUR MOULURES AUTOCOLLANTS.<\/p>\n<\/div>\n<div id=\"description_content\" class=\"rte align_justify\">\n<p>Adh\u00e9sif thermofusible sensible \u00e0 la pression, adapt\u00e9 \u00e0 la fabrication de mat\u00e9riaux autocollants tels que des profil\u00e9s, mousses, feutres, etc.<\/p>\n<\/div>\n<\/div>\n<h4>CARACTERISTIQUES<\/h4>\n<p>Temp\u00e9rature d&rsquo;application: 160-180\u00baC.<br \/>\nAuto-adhesivation de moulures.<br \/>\nSolide en couleur ambre.<br \/>\nSensible \u00e0 la pression.<br \/>\nFaible viscosit\u00e9.<\/p>\n<\/div>\n<\/div>\n<\/div>\n<\/div>\n","protected":false},"excerpt":{"rendered":"<p>ADH\u00c9SIF THERMOFUSIBLE SENSIBLE \u00c0 LA PRESSION SP\u00c9CIAL POUR MOULURES AUTOCOLLANTS.<\/p>\n","protected":false},"featured_media":3020,"comment_status":"open","ping_status":"closed","template":"","meta":{"_acf_changed":false},"product_cat":[599,632,647,641,849,847,1371,1383,1566,602,644,626],"product_tag":[],"acf":[],"_links":{"self":[{"href":"https:\/\/rayt.com\/fr\/wp-json\/wp\/v2\/product\/3737"}],"collection":[{"href":"https:\/\/rayt.com\/fr\/wp-json\/wp\/v2\/product"}],"about":[{"href":"https:\/\/rayt.com\/fr\/wp-json\/wp\/v2\/types\/product"}],"replies":[{"embeddable":true,"href":"https:\/\/rayt.com\/fr\/wp-json\/wp\/v2\/comments?post=3737"}],"wp:featuredmedia":[{"embeddable":true,"href":"https:\/\/rayt.com\/fr\/wp-json\/wp\/v2\/media\/3020"}],"wp:attachment":[{"href":"https:\/\/rayt.com\/fr\/wp-json\/wp\/v2\/media?parent=3737"}],"wp:term":[{"taxonomy":"product_cat","embeddable":true,"href":"https:\/\/rayt.com\/fr\/wp-json\/wp\/v2\/product_cat?post=3737"},{"taxonomy":"product_tag","embeddable":true,"href":"https:\/\/rayt.com\/fr\/wp-json\/wp\/v2\/product_tag?post=3737"}],"curies":[{"name":"wp","href":"https:\/\/api.w.org\/{rel}","templated":true}]}}