{"id":3748,"date":"2020-10-29T10:08:15","date_gmt":"2020-12-21T09:14:06","guid":{"rendered":"http:\/\/rayt.com\/?post_type=product&#038;p=3748"},"modified":"2021-02-17T10:54:49","modified_gmt":"2021-02-17T10:54:49","slug":"ma-6720-np","status":"publish","type":"product","link":"https:\/\/rayt.com\/fr\/producto\/ma-6720-np\/","title":{"rendered":"MA-6720-NP"},"content":{"rendered":"<div id=\"description_block\">\n<div id=\"description_content\" class=\"rte align_justify\">\n<div id=\"description_block\">\n<div id=\"description_content\" class=\"rte align_justify\">\n<div id=\"description_block\">\n<div id=\"description_content\" class=\"rte align_justify\">\n<p>HOT-MELT POUR LE REV\u00caTEMENT DES MOULURES.<\/p>\n<\/div>\n<div id=\"description_content\" class=\"rte align_justify\">\n<p>Adh\u00e9sif sp\u00e9cial pour le moulage et l&rsquo;assemblage de bois (coins, angles &#8230;)<\/p>\n<\/div>\n<\/div>\n<h4>CARACTERISTIQUES<\/h4>\n<p>Assemblage de diff\u00e9rents mat\u00e9riaux dans l&rsquo;industrie du meuble; \u00e7a trouve sa principale application dans l&rsquo;encollage de panneaux de particules entre eux.<br \/>\nApplication manuel ou avec \u00e9quipement automatique \u00e9quip\u00e9 de buses d&rsquo;injection.<br \/>\nTemp\u00e9rature d&rsquo;application: 160-180\u00baC.<br \/>\nTr\u00e8s faible viscosit\u00e9.<\/p>\n<\/div>\n<\/div>\n<\/div>\n<\/div>\n","protected":false},"excerpt":{"rendered":"<p>HOT-MELT POUR LE REV\u00caTEMENT DES MOULURES. Adh\u00e9sif sp\u00e9cial pour le<\/p>\n","protected":false},"featured_media":3749,"comment_status":"open","ping_status":"closed","template":"","meta":{"_acf_changed":false},"product_cat":[849,847,1380,602,937],"product_tag":[],"acf":[],"_links":{"self":[{"href":"https:\/\/rayt.com\/fr\/wp-json\/wp\/v2\/product\/3748"}],"collection":[{"href":"https:\/\/rayt.com\/fr\/wp-json\/wp\/v2\/product"}],"about":[{"href":"https:\/\/rayt.com\/fr\/wp-json\/wp\/v2\/types\/product"}],"replies":[{"embeddable":true,"href":"https:\/\/rayt.com\/fr\/wp-json\/wp\/v2\/comments?post=3748"}],"wp:featuredmedia":[{"embeddable":true,"href":"https:\/\/rayt.com\/fr\/wp-json\/wp\/v2\/media\/3749"}],"wp:attachment":[{"href":"https:\/\/rayt.com\/fr\/wp-json\/wp\/v2\/media?parent=3748"}],"wp:term":[{"taxonomy":"product_cat","embeddable":true,"href":"https:\/\/rayt.com\/fr\/wp-json\/wp\/v2\/product_cat?post=3748"},{"taxonomy":"product_tag","embeddable":true,"href":"https:\/\/rayt.com\/fr\/wp-json\/wp\/v2\/product_tag?post=3748"}],"curies":[{"name":"wp","href":"https:\/\/api.w.org\/{rel}","templated":true}]}}