{"id":3762,"date":"2020-10-29T09:15:55","date_gmt":"2020-12-21T09:24:05","guid":{"rendered":"http:\/\/rayt.com\/?post_type=product&#038;p=3762"},"modified":"2021-02-17T10:17:15","modified_gmt":"2021-02-17T10:17:15","slug":"ma-6246","status":"publish","type":"product","link":"https:\/\/rayt.com\/fr\/producto\/ma-6246\/","title":{"rendered":"MA-6246"},"content":{"rendered":"<div id=\"description_block\">\n<div id=\"description_content\" class=\"rte align_justify\">\n<div id=\"description_block\">\n<div id=\"description_content\" class=\"rte align_justify\">\n<div id=\"description_block\">\n<div id=\"description_content\" class=\"rte align_justify\">\n<p>HOT-MELT AVEC CHARGES POUR MOULURES, POUR FEUILLES ET PLAQUES EN BOIS EN ROLLS.<\/p>\n<\/div>\n<div id=\"description_content\" class=\"rte align_justify\">\n<p>Adh\u00e9sif thermofusible pour le rev\u00eatement de profils et moulures en MDF, panneaux de particules ou bois, pour une application \u00e0 rouleau ou l\u00e8vre quand on cherche un produit \u00e0 prix bas pour les feuilles \u00e9paisses et plaques en bois pr\u00e9sent\u00e9e en rolls.<\/p>\n<\/div>\n<\/div>\n<h4>CARACTERISTIQUES<\/h4>\n<p>Rev\u00eatement de moulures et de profils avec placage support\u00e9 ou papiers \u00e9paisses.<br \/>\nTemp\u00e9rature d&rsquo;application: 180-200\u00baC.<br \/>\nTr\u00e8s baisse viscosit\u00e9.<br \/>\nApplication facile.<br \/>\nBonne adh\u00e9sion.<br \/>\nFusion rapide.<\/p>\n<\/div>\n<\/div>\n<\/div>\n<\/div>\n","protected":false},"excerpt":{"rendered":"<p>HOT-MELT AVEC CHARGES POUR MOULURES, POUR FEUILLES ET PLAQUES EN<\/p>\n","protected":false},"featured_media":3763,"comment_status":"open","ping_status":"closed","template":"","meta":{"_acf_changed":false},"product_cat":[840,845,849,1390,1398,602,937],"product_tag":[],"acf":[],"_links":{"self":[{"href":"https:\/\/rayt.com\/fr\/wp-json\/wp\/v2\/product\/3762"}],"collection":[{"href":"https:\/\/rayt.com\/fr\/wp-json\/wp\/v2\/product"}],"about":[{"href":"https:\/\/rayt.com\/fr\/wp-json\/wp\/v2\/types\/product"}],"replies":[{"embeddable":true,"href":"https:\/\/rayt.com\/fr\/wp-json\/wp\/v2\/comments?post=3762"}],"wp:featuredmedia":[{"embeddable":true,"href":"https:\/\/rayt.com\/fr\/wp-json\/wp\/v2\/media\/3763"}],"wp:attachment":[{"href":"https:\/\/rayt.com\/fr\/wp-json\/wp\/v2\/media?parent=3762"}],"wp:term":[{"taxonomy":"product_cat","embeddable":true,"href":"https:\/\/rayt.com\/fr\/wp-json\/wp\/v2\/product_cat?post=3762"},{"taxonomy":"product_tag","embeddable":true,"href":"https:\/\/rayt.com\/fr\/wp-json\/wp\/v2\/product_tag?post=3762"}],"curies":[{"name":"wp","href":"https:\/\/api.w.org\/{rel}","templated":true}]}}