{"id":3768,"date":"2020-10-29T09:36:32","date_gmt":"2020-12-21T09:29:22","guid":{"rendered":"http:\/\/rayt.com\/?post_type=product&#038;p=3768"},"modified":"2021-02-17T10:24:55","modified_gmt":"2021-02-17T10:24:55","slug":"ma-6698-tn","status":"publish","type":"product","link":"https:\/\/rayt.com\/fr\/producto\/ma-6698-tn\/","title":{"rendered":"MA-6698-TN"},"content":{"rendered":"<div id=\"description_block\">\n<div id=\"description_content\" class=\"rte align_justify\">\n<div id=\"description_block\">\n<div id=\"description_content\" class=\"rte align_justify\">\n<div id=\"description_block\">\n<div id=\"description_content\" class=\"rte align_justify\">\n<p>HOT-MELT DE HAUTE QUALIT\u00c9 POUR LE REV\u00caTEMENT DES MOULURES AVEC PLAQUES EN BOIS. FEUILLES DIFFICILES.<\/p>\n<\/div>\n<div id=\"description_content\" class=\"rte align_justify\">\n<p>Adh\u00e9sif sans charges, de haute qualit\u00e9 pour rev\u00eatement avec des plaques probl\u00e9matiques et r\u00e9sineux (produits de haute adh\u00e9rence).<\/p>\n<\/div>\n<\/div>\n<h4>CARACTERISTIQUES<\/h4>\n<p>Rev\u00eatement de moulures et de profils avec placage en bois, stratifi\u00e9s \u00e0 basse pression ou papier.<br \/>\nTemp\u00e9rature d&rsquo;application: 180-200\u00baC.<br \/>\nVitesse de la machine &gt;15 m\/min.<br \/>\nExcellente adh\u00e9rence \u00e0 chaud.<br \/>\nFacilit\u00e9 d&rsquo;application.<br \/>\nTemps ouvert long.<br \/>\nRendement \u00e9lev\u00e9.<\/p>\n<\/div>\n<\/div>\n<\/div>\n<\/div>\n","protected":false},"excerpt":{"rendered":"<p>HOT-MELT DE HAUTE QUALIT\u00c9 POUR LE REV\u00caTEMENT DES MOULURES AVEC<\/p>\n","protected":false},"featured_media":3749,"comment_status":"open","ping_status":"closed","template":"","meta":{"_acf_changed":false},"product_cat":[840,845,849,1390,1398,602,937],"product_tag":[],"acf":[],"_links":{"self":[{"href":"https:\/\/rayt.com\/fr\/wp-json\/wp\/v2\/product\/3768"}],"collection":[{"href":"https:\/\/rayt.com\/fr\/wp-json\/wp\/v2\/product"}],"about":[{"href":"https:\/\/rayt.com\/fr\/wp-json\/wp\/v2\/types\/product"}],"replies":[{"embeddable":true,"href":"https:\/\/rayt.com\/fr\/wp-json\/wp\/v2\/comments?post=3768"}],"wp:featuredmedia":[{"embeddable":true,"href":"https:\/\/rayt.com\/fr\/wp-json\/wp\/v2\/media\/3749"}],"wp:attachment":[{"href":"https:\/\/rayt.com\/fr\/wp-json\/wp\/v2\/media?parent=3768"}],"wp:term":[{"taxonomy":"product_cat","embeddable":true,"href":"https:\/\/rayt.com\/fr\/wp-json\/wp\/v2\/product_cat?post=3768"},{"taxonomy":"product_tag","embeddable":true,"href":"https:\/\/rayt.com\/fr\/wp-json\/wp\/v2\/product_tag?post=3768"}],"curies":[{"name":"wp","href":"https:\/\/api.w.org\/{rel}","templated":true}]}}