{"id":3775,"date":"2020-10-30T09:00:13","date_gmt":"2020-12-21T09:36:09","guid":{"rendered":"http:\/\/rayt.com\/?post_type=product&#038;p=3775"},"modified":"2021-02-17T09:33:24","modified_gmt":"2021-02-17T09:33:24","slug":"ma-6585","status":"publish","type":"product","link":"https:\/\/rayt.com\/fr\/producto\/ma-6585\/","title":{"rendered":"MA-6585"},"content":{"rendered":"<p>ADH\u00c9SIF THERMOFUSIBLE POUR L&rsquo;ENCOLLAGE DES CHANTS. TEMP\u00c9RATURE MOYENNE.<br \/>\nAdh\u00e9sif standard pour l&rsquo;encollage des chants de PVC, polyester, plaques en bois et m\u00e9lamine.<\/p>\n<h4>CARACTERISTIQUES<\/h4>\n<p>Chants de m\u00e9lamine, PVC, polyester et massif.<br \/>\nTemp\u00e9rature d&rsquo;application: 160-180\u00baC.<br \/>\nTemps ouvert moyen-long.<br \/>\nMoyenne viscosit\u00e9.<\/p>\n","protected":false},"excerpt":{"rendered":"<p>ADH\u00c9SIF THERMOFUSIBLE POUR L&rsquo;ENCOLLAGE DES CHANTS. TEMP\u00c9RATURE MOYENNE. Adh\u00e9sif standard<\/p>\n","protected":false},"featured_media":3776,"comment_status":"open","ping_status":"closed","template":"","meta":{"_acf_changed":false},"product_cat":[1557,1588,602,937,915,912,924],"product_tag":[],"acf":[],"_links":{"self":[{"href":"https:\/\/rayt.com\/fr\/wp-json\/wp\/v2\/product\/3775"}],"collection":[{"href":"https:\/\/rayt.com\/fr\/wp-json\/wp\/v2\/product"}],"about":[{"href":"https:\/\/rayt.com\/fr\/wp-json\/wp\/v2\/types\/product"}],"replies":[{"embeddable":true,"href":"https:\/\/rayt.com\/fr\/wp-json\/wp\/v2\/comments?post=3775"}],"wp:featuredmedia":[{"embeddable":true,"href":"https:\/\/rayt.com\/fr\/wp-json\/wp\/v2\/media\/3776"}],"wp:attachment":[{"href":"https:\/\/rayt.com\/fr\/wp-json\/wp\/v2\/media?parent=3775"}],"wp:term":[{"taxonomy":"product_cat","embeddable":true,"href":"https:\/\/rayt.com\/fr\/wp-json\/wp\/v2\/product_cat?post=3775"},{"taxonomy":"product_tag","embeddable":true,"href":"https:\/\/rayt.com\/fr\/wp-json\/wp\/v2\/product_tag?post=3775"}],"curies":[{"name":"wp","href":"https:\/\/api.w.org\/{rel}","templated":true}]}}