{"id":3777,"date":"2020-10-29T09:50:41","date_gmt":"2020-12-21T09:36:06","guid":{"rendered":"http:\/\/rayt.com\/?post_type=product&#038;p=3777"},"modified":"2021-02-17T11:36:03","modified_gmt":"2021-02-17T11:36:03","slug":"ma-6763-n","status":"publish","type":"product","link":"https:\/\/rayt.com\/fr\/producto\/ma-6763-n\/","title":{"rendered":"MA-6763-N"},"content":{"rendered":"<div id=\"description_block\">\n<div id=\"description_content\" class=\"rte align_justify\">\n<div id=\"description_block\">\n<div id=\"description_content\" class=\"rte align_justify\">\n<div id=\"description_block\">\n<div id=\"description_content\" class=\"rte align_justify\">\n<div id=\"description_block\">\n<div id=\"description_content\" class=\"rte align_justify\">\n<p>ADH\u00c9SIF THERMOFUSIBLE POUR LE REV\u00caTEMENT DES MOULURES AVEC PAPIER.<\/p>\n<\/div>\n<div id=\"description_content\" class=\"rte align_justify\">\n<p>Adh\u00e9sif sp\u00e9cial pour le rev\u00eatement de profils ou lamination de surfaces avec toutes sortes de feuilles de papier, m\u00eame tr\u00e8s fins.<\/p>\n<\/div>\n<\/div>\n<h4>CARACTERISTIQUES<\/h4>\n<p>Rev\u00eatement de profils ou lamination de surfaces avec toutes sortes de feuilles de papier, m\u00eame ceux tr\u00e8s fins.<br \/>\nAppropri\u00e9 pour des machines automatiques comme HASHIMOTO DENKI, RAUTE, CHANG TAI MACHINE, MEINAN, etc.<br \/>\nViscosit\u00e9 faible pour appliquer avec lamination \u00e0 l\u00e8vres.<br \/>\nTack \u00e9lev\u00e9 \u00e0 chaud. Temps ouvert moyen-long.<br \/>\nTemp\u00e9rature d&rsquo;application: 180-210\u00baC.<\/p>\n<\/div>\n<\/div>\n<\/div>\n<\/div>\n<\/div>\n<\/div>\n","protected":false},"excerpt":{"rendered":"<p>ADH\u00c9SIF THERMOFUSIBLE POUR LE REV\u00caTEMENT DES MOULURES AVEC PAPIER. Adh\u00e9sif<\/p>\n","protected":false},"featured_media":3749,"comment_status":"open","ping_status":"closed","template":"","meta":{"_acf_changed":false},"product_cat":[840,849,900,1398,1603,602,937,906],"product_tag":[],"acf":[],"_links":{"self":[{"href":"https:\/\/rayt.com\/fr\/wp-json\/wp\/v2\/product\/3777"}],"collection":[{"href":"https:\/\/rayt.com\/fr\/wp-json\/wp\/v2\/product"}],"about":[{"href":"https:\/\/rayt.com\/fr\/wp-json\/wp\/v2\/types\/product"}],"replies":[{"embeddable":true,"href":"https:\/\/rayt.com\/fr\/wp-json\/wp\/v2\/comments?post=3777"}],"wp:featuredmedia":[{"embeddable":true,"href":"https:\/\/rayt.com\/fr\/wp-json\/wp\/v2\/media\/3749"}],"wp:attachment":[{"href":"https:\/\/rayt.com\/fr\/wp-json\/wp\/v2\/media?parent=3777"}],"wp:term":[{"taxonomy":"product_cat","embeddable":true,"href":"https:\/\/rayt.com\/fr\/wp-json\/wp\/v2\/product_cat?post=3777"},{"taxonomy":"product_tag","embeddable":true,"href":"https:\/\/rayt.com\/fr\/wp-json\/wp\/v2\/product_tag?post=3777"}],"curies":[{"name":"wp","href":"https:\/\/api.w.org\/{rel}","templated":true}]}}