{"id":3786,"date":"2020-10-29T09:51:28","date_gmt":"2020-12-21T09:51:06","guid":{"rendered":"http:\/\/rayt.com\/?post_type=product&#038;p=3786"},"modified":"2021-02-17T10:09:29","modified_gmt":"2021-02-17T10:09:29","slug":"ma-6764-n","status":"publish","type":"product","link":"https:\/\/rayt.com\/fr\/producto\/ma-6764-n\/","title":{"rendered":"MA-6764-N"},"content":{"rendered":"<div id=\"description_block\">\n<div id=\"description_content\" class=\"rte align_justify\">\n<div id=\"description_block\">\n<div id=\"description_content\" class=\"rte align_justify\">\n<div id=\"description_block\">\n<div id=\"description_content\" class=\"rte align_justify\">\n<div id=\"description_block\">\n<div id=\"description_content\" class=\"rte align_justify\">\n<p>ADH\u00c9SIF THERMOFUSIBLE POUR LE REV\u00caTEMENT DES MOULURES AVEC PAPIER.<\/p>\n<\/div>\n<div id=\"description_content\" class=\"rte align_justify\">\n<p>Adh\u00e9sif avec des charges pour le rev\u00eatement de moulures avec une feuille de papier, normal ou \u00e9pais.<\/p>\n<\/div>\n<\/div>\n<h4>CARACTERISTIQUES<\/h4>\n<p>L\u00e9g\u00e8rement charg\u00e9, appropri\u00e9 pour des feuilles normales ou \u00e9pais.<br \/>\nAppropri\u00e9 pour application \u00e0 rouleau.<br \/>\nTemp\u00e9rature d&rsquo;application: 180-200\u00baC.<br \/>\nViscosit\u00e9 moyenne-baisse.<\/p>\n<\/div>\n<\/div>\n<\/div>\n<\/div>\n<\/div>\n<\/div>\n","protected":false},"excerpt":{"rendered":"<p>ADH\u00c9SIF THERMOFUSIBLE POUR LE REV\u00caTEMENT DES MOULURES AVEC PAPIER. Adh\u00e9sif<\/p>\n","protected":false},"featured_media":3749,"comment_status":"open","ping_status":"closed","template":"","meta":{"_acf_changed":false},"product_cat":[840,849,1398,602,937],"product_tag":[],"acf":[],"_links":{"self":[{"href":"https:\/\/rayt.com\/fr\/wp-json\/wp\/v2\/product\/3786"}],"collection":[{"href":"https:\/\/rayt.com\/fr\/wp-json\/wp\/v2\/product"}],"about":[{"href":"https:\/\/rayt.com\/fr\/wp-json\/wp\/v2\/types\/product"}],"replies":[{"embeddable":true,"href":"https:\/\/rayt.com\/fr\/wp-json\/wp\/v2\/comments?post=3786"}],"wp:featuredmedia":[{"embeddable":true,"href":"https:\/\/rayt.com\/fr\/wp-json\/wp\/v2\/media\/3749"}],"wp:attachment":[{"href":"https:\/\/rayt.com\/fr\/wp-json\/wp\/v2\/media?parent=3786"}],"wp:term":[{"taxonomy":"product_cat","embeddable":true,"href":"https:\/\/rayt.com\/fr\/wp-json\/wp\/v2\/product_cat?post=3786"},{"taxonomy":"product_tag","embeddable":true,"href":"https:\/\/rayt.com\/fr\/wp-json\/wp\/v2\/product_tag?post=3786"}],"curies":[{"name":"wp","href":"https:\/\/api.w.org\/{rel}","templated":true}]}}