{"id":3796,"date":"2020-10-30T08:58:07","date_gmt":"2020-12-21T10:03:20","guid":{"rendered":"http:\/\/rayt.com\/?post_type=product&#038;p=3796"},"modified":"2021-02-17T09:37:30","modified_gmt":"2021-02-17T09:37:30","slug":"ma-6586-blanco","status":"publish","type":"product","link":"https:\/\/rayt.com\/fr\/producto\/ma-6586-blanco\/","title":{"rendered":"MA-6586 Blanco"},"content":{"rendered":"<p>ADH\u00c9SIF THERMOFUSIBLE POUR L&rsquo;ENCOLLAGE DES CHANTS DANS MACHINES \u00c0 GRANDE VITESSE. BLANC.<br \/>\nAdh\u00e9sif couleur blanc pour l&rsquo;encollage des chants en PVC jusqu&rsquo;\u00e0 4 mm.<br \/>\nConvient \u00e9galement pour l&rsquo;ABS, le polyester, plaques en bois ou m\u00e9lamine.<\/p>\n<h4>CARACTERISTIQUES<\/h4>\n<p>Chants de jusqu&rsquo;\u00e0 4 mm en PVC, ABS, polyester, placage ou m\u00e9lamine.<br \/>\nVitesse de la machine: 10-75 m\/min. Aussi pour CNC\/BAZ.<br \/>\nExcellente \u00e9lasticit\u00e9 et r\u00e9sistance au froid.<br \/>\nTemp\u00e9rature d&rsquo;application: 190-210\u00baC.<br \/>\nTemps ouvert moyen.<\/p>\n","protected":false},"excerpt":{"rendered":"<p>ADH\u00c9SIF THERMOFUSIBLE POUR L&rsquo;ENCOLLAGE DES CHANTS DANS MACHINES \u00c0 GRANDE<\/p>\n","protected":false},"featured_media":3696,"comment_status":"open","ping_status":"closed","template":"","meta":{"_acf_changed":false},"product_cat":[1557,1588,602,937,915,912,924],"product_tag":[],"acf":[],"_links":{"self":[{"href":"https:\/\/rayt.com\/fr\/wp-json\/wp\/v2\/product\/3796"}],"collection":[{"href":"https:\/\/rayt.com\/fr\/wp-json\/wp\/v2\/product"}],"about":[{"href":"https:\/\/rayt.com\/fr\/wp-json\/wp\/v2\/types\/product"}],"replies":[{"embeddable":true,"href":"https:\/\/rayt.com\/fr\/wp-json\/wp\/v2\/comments?post=3796"}],"wp:featuredmedia":[{"embeddable":true,"href":"https:\/\/rayt.com\/fr\/wp-json\/wp\/v2\/media\/3696"}],"wp:attachment":[{"href":"https:\/\/rayt.com\/fr\/wp-json\/wp\/v2\/media?parent=3796"}],"wp:term":[{"taxonomy":"product_cat","embeddable":true,"href":"https:\/\/rayt.com\/fr\/wp-json\/wp\/v2\/product_cat?post=3796"},{"taxonomy":"product_tag","embeddable":true,"href":"https:\/\/rayt.com\/fr\/wp-json\/wp\/v2\/product_tag?post=3796"}],"curies":[{"name":"wp","href":"https:\/\/api.w.org\/{rel}","templated":true}]}}