{"id":3825,"date":"2020-10-29T09:15:13","date_gmt":"2020-12-21T10:32:00","guid":{"rendered":"http:\/\/rayt.com\/?post_type=product&#038;p=3825"},"modified":"2021-02-17T10:13:57","modified_gmt":"2021-02-17T10:13:57","slug":"ma-6241-especial","status":"publish","type":"product","link":"https:\/\/rayt.com\/fr\/producto\/ma-6241-especial\/","title":{"rendered":"MA-6241 ESPECIAL"},"content":{"rendered":"<div id=\"description_block\">\n<div id=\"description_content\" class=\"rte align_justify\">\n<div id=\"description_block\">\n<div id=\"description_content\" class=\"rte align_justify\">\n<div id=\"description_block\">\n<div id=\"description_content\" class=\"rte align_justify\">\n<p>HOT-MELT STANDARD AVEC UN LONG TEMPS OUVERT POUR MOULURES.<\/p>\n<\/div>\n<div id=\"description_content\" class=\"rte align_justify\">\n<p>Adh\u00e9sif standard pour rev\u00eatement avec plaques en bois avec ou sans support. Convient pour les mat\u00e9riaux difficiles ou des profils de grande largeur.<\/p>\n<\/div>\n<\/div>\n<h4>CARACTERISTIQUES<\/h4>\n<p>Long temps ouvert, appropri\u00e9 pour des mat\u00e9riaux complexes ou des profils larges.<br \/>\nPour le rev\u00eatement avec des placages de bois, avec ou sans support.<br \/>\nAppropri\u00e9 pour appliquer avec rouleau.<br \/>\nTemp\u00e9rature d&rsquo;application: 180-210\u00baC.<br \/>\nFaible viscosit\u00e9.<br \/>\nFusion facile.<\/p>\n<\/div>\n<\/div>\n<\/div>\n<\/div>\n","protected":false},"excerpt":{"rendered":"<p>HOT-MELT STANDARD AVEC UN LONG TEMPS OUVERT POUR MOULURES. Adh\u00e9sif<\/p>\n","protected":false},"featured_media":3805,"comment_status":"open","ping_status":"closed","template":"","meta":{"_acf_changed":false},"product_cat":[845,849,1390,602,937],"product_tag":[],"acf":[],"_links":{"self":[{"href":"https:\/\/rayt.com\/fr\/wp-json\/wp\/v2\/product\/3825"}],"collection":[{"href":"https:\/\/rayt.com\/fr\/wp-json\/wp\/v2\/product"}],"about":[{"href":"https:\/\/rayt.com\/fr\/wp-json\/wp\/v2\/types\/product"}],"replies":[{"embeddable":true,"href":"https:\/\/rayt.com\/fr\/wp-json\/wp\/v2\/comments?post=3825"}],"wp:featuredmedia":[{"embeddable":true,"href":"https:\/\/rayt.com\/fr\/wp-json\/wp\/v2\/media\/3805"}],"wp:attachment":[{"href":"https:\/\/rayt.com\/fr\/wp-json\/wp\/v2\/media?parent=3825"}],"wp:term":[{"taxonomy":"product_cat","embeddable":true,"href":"https:\/\/rayt.com\/fr\/wp-json\/wp\/v2\/product_cat?post=3825"},{"taxonomy":"product_tag","embeddable":true,"href":"https:\/\/rayt.com\/fr\/wp-json\/wp\/v2\/product_tag?post=3825"}],"curies":[{"name":"wp","href":"https:\/\/api.w.org\/{rel}","templated":true}]}}