{"id":3836,"date":"2020-10-30T09:15:31","date_gmt":"2020-12-21T10:40:48","guid":{"rendered":"http:\/\/rayt.com\/?post_type=product&#038;p=3836"},"modified":"2021-02-17T09:41:27","modified_gmt":"2021-02-17T09:41:27","slug":"ma-6770-t","status":"publish","type":"product","link":"https:\/\/rayt.com\/fr\/producto\/ma-6770-t\/","title":{"rendered":"MA-6770-T"},"content":{"rendered":"<p>ADH\u00c9SIF THERMOFUSIBLE SANS CHARGES POUR CHANTS. UNIVERSEL.<br \/>\nAdh\u00e9sif thermofusible sans charges, universel, jaune clair, pour le placage de chants.<\/p>\n<h4>CARACTERISTIQUES<\/h4>\n<p>Pas de charges. Bas niveau de fils. Ligne de colle presque invisible.<br \/>\nChants en PVC, ABS, polyester, placage ou m\u00e9lamine. Aussi par lattes.<br \/>\nVitesse de la machine: 5-40 m\/min. Aussi par CNC\/BAZ.<br \/>\nTemp\u00e9rature d&rsquo;application: 190-210\u00baC.<br \/>\nR\u00e9sistance \u00e9lev\u00e9e \u00e0 la chaleur.<\/p>\n","protected":false},"excerpt":{"rendered":"<p>ADH\u00c9SIF THERMOFUSIBLE SANS CHARGES POUR CHANTS. UNIVERSEL. Adh\u00e9sif thermofusible sans<\/p>\n","protected":false},"featured_media":3749,"comment_status":"open","ping_status":"closed","template":"","meta":{"_acf_changed":false},"product_cat":[1557,1588,602,937,915,912,924],"product_tag":[],"acf":[],"_links":{"self":[{"href":"https:\/\/rayt.com\/fr\/wp-json\/wp\/v2\/product\/3836"}],"collection":[{"href":"https:\/\/rayt.com\/fr\/wp-json\/wp\/v2\/product"}],"about":[{"href":"https:\/\/rayt.com\/fr\/wp-json\/wp\/v2\/types\/product"}],"replies":[{"embeddable":true,"href":"https:\/\/rayt.com\/fr\/wp-json\/wp\/v2\/comments?post=3836"}],"wp:featuredmedia":[{"embeddable":true,"href":"https:\/\/rayt.com\/fr\/wp-json\/wp\/v2\/media\/3749"}],"wp:attachment":[{"href":"https:\/\/rayt.com\/fr\/wp-json\/wp\/v2\/media?parent=3836"}],"wp:term":[{"taxonomy":"product_cat","embeddable":true,"href":"https:\/\/rayt.com\/fr\/wp-json\/wp\/v2\/product_cat?post=3836"},{"taxonomy":"product_tag","embeddable":true,"href":"https:\/\/rayt.com\/fr\/wp-json\/wp\/v2\/product_tag?post=3836"}],"curies":[{"name":"wp","href":"https:\/\/api.w.org\/{rel}","templated":true}]}}