{"id":3837,"date":"2020-10-29T09:19:22","date_gmt":"2020-12-21T10:41:56","guid":{"rendered":"http:\/\/rayt.com\/?post_type=product&#038;p=3837"},"modified":"2021-02-17T10:19:07","modified_gmt":"2021-02-17T10:19:07","slug":"ma-6690","status":"publish","type":"product","link":"https:\/\/rayt.com\/fr\/producto\/ma-6690\/","title":{"rendered":"MA-6690"},"content":{"rendered":"<div id=\"description_block\">\n<div id=\"description_content\" class=\"rte align_justify\">\n<div id=\"description_block\">\n<div id=\"description_content\" class=\"rte align_justify\">\n<div id=\"description_block\">\n<div id=\"description_content\" class=\"rte align_justify\">\n<p>HOT-MELT STANDARD POUR LE REV\u00caTEMENT DES MOULURES. USAGE G\u00c9NERALE.<\/p>\n<\/div>\n<div id=\"description_content\" class=\"rte align_justify\">\n<p>Adh\u00e9sif standard pour le rev\u00eatement adh\u00e9sif avec plaques en bois avec ou sans support.<\/p>\n<\/div>\n<\/div>\n<h4>CARACTERISTIQUES<\/h4>\n<p>Pour le rev\u00eatement avec des placages de bois, avec ou sans support.<br \/>\nAppropri\u00e9 pour appliquer avec rouleau.<br \/>\nTemp\u00e9rature d&rsquo;application: 180-210\u00baC.<br \/>\nTemps ouvert moyen.<br \/>\nMoyenne viscosit\u00e9.<br \/>\nFusion facile.<\/p>\n<\/div>\n<\/div>\n<\/div>\n<\/div>\n","protected":false},"excerpt":{"rendered":"<p>HOT-MELT STANDARD POUR LE REV\u00caTEMENT DES MOULURES. USAGE G\u00c9NERALE. Adh\u00e9sif<\/p>\n","protected":false},"featured_media":3763,"comment_status":"open","ping_status":"closed","template":"","meta":{"_acf_changed":false},"product_cat":[845,849,1390,602,937],"product_tag":[],"acf":[],"_links":{"self":[{"href":"https:\/\/rayt.com\/fr\/wp-json\/wp\/v2\/product\/3837"}],"collection":[{"href":"https:\/\/rayt.com\/fr\/wp-json\/wp\/v2\/product"}],"about":[{"href":"https:\/\/rayt.com\/fr\/wp-json\/wp\/v2\/types\/product"}],"replies":[{"embeddable":true,"href":"https:\/\/rayt.com\/fr\/wp-json\/wp\/v2\/comments?post=3837"}],"wp:featuredmedia":[{"embeddable":true,"href":"https:\/\/rayt.com\/fr\/wp-json\/wp\/v2\/media\/3763"}],"wp:attachment":[{"href":"https:\/\/rayt.com\/fr\/wp-json\/wp\/v2\/media?parent=3837"}],"wp:term":[{"taxonomy":"product_cat","embeddable":true,"href":"https:\/\/rayt.com\/fr\/wp-json\/wp\/v2\/product_cat?post=3837"},{"taxonomy":"product_tag","embeddable":true,"href":"https:\/\/rayt.com\/fr\/wp-json\/wp\/v2\/product_tag?post=3837"}],"curies":[{"name":"wp","href":"https:\/\/api.w.org\/{rel}","templated":true}]}}