{"id":3859,"date":"2020-10-29T09:26:01","date_gmt":"2020-12-21T11:10:01","guid":{"rendered":"http:\/\/rayt.com\/?post_type=product&#038;p=3859"},"modified":"2021-02-17T10:22:04","modified_gmt":"2021-02-17T10:22:04","slug":"ma-6696-tn","status":"publish","type":"product","link":"https:\/\/rayt.com\/fr\/producto\/ma-6696-tn\/","title":{"rendered":"MA-6696-TN"},"content":{"rendered":"<div id=\"description_block\">\n<div id=\"description_content\" class=\"rte align_justify\">\n<div id=\"description_block\">\n<div id=\"description_content\" class=\"rte align_justify\">\n<div id=\"description_block\">\n<div id=\"description_content\" class=\"rte align_justify\">\n<div id=\"description_block\">\n<div id=\"description_content\" class=\"rte align_justify\">\n<p>HOT-MELT DE HAUTE QUALIT\u00c9 POUR LE REV\u00caTEMENT DES MOULURES.<\/p>\n<\/div>\n<div id=\"description_content\" class=\"rte align_justify\">\n<p>Adh\u00e9sif de haute qualit\u00e9, sans charges pour le rev\u00eatement adh\u00e9sif avec plaques en bois avec ou sans support.<\/p>\n<\/div>\n<\/div>\n<h4>CARACTERISTIQUES<\/h4>\n<p>Pour tous les types de placages de bois, avec ou sans support.<br \/>\nPour une application au rouleau. L\u00e9g\u00e8rement pigment\u00e9.<br \/>\nTr\u00e8s haute adh\u00e9sivit\u00e9 \u00e0 chaud. Temps ouvert moyen.<br \/>\nExcellent rendement et propre dans la machine.<br \/>\nTemp\u00e9rature d&rsquo;application: 180-200\u00baC.<\/p>\n<\/div>\n<\/div>\n<\/div>\n<\/div>\n<\/div>\n<\/div>\n","protected":false},"excerpt":{"rendered":"<p>HOT-MELT DE HAUTE QUALIT\u00c9 POUR LE REV\u00caTEMENT DES MOULURES. Adh\u00e9sif<\/p>\n","protected":false},"featured_media":3749,"comment_status":"open","ping_status":"closed","template":"","meta":{"_acf_changed":false},"product_cat":[845,849,1390,602,937],"product_tag":[],"acf":[],"_links":{"self":[{"href":"https:\/\/rayt.com\/fr\/wp-json\/wp\/v2\/product\/3859"}],"collection":[{"href":"https:\/\/rayt.com\/fr\/wp-json\/wp\/v2\/product"}],"about":[{"href":"https:\/\/rayt.com\/fr\/wp-json\/wp\/v2\/types\/product"}],"replies":[{"embeddable":true,"href":"https:\/\/rayt.com\/fr\/wp-json\/wp\/v2\/comments?post=3859"}],"wp:featuredmedia":[{"embeddable":true,"href":"https:\/\/rayt.com\/fr\/wp-json\/wp\/v2\/media\/3749"}],"wp:attachment":[{"href":"https:\/\/rayt.com\/fr\/wp-json\/wp\/v2\/media?parent=3859"}],"wp:term":[{"taxonomy":"product_cat","embeddable":true,"href":"https:\/\/rayt.com\/fr\/wp-json\/wp\/v2\/product_cat?post=3859"},{"taxonomy":"product_tag","embeddable":true,"href":"https:\/\/rayt.com\/fr\/wp-json\/wp\/v2\/product_tag?post=3859"}],"curies":[{"name":"wp","href":"https:\/\/api.w.org\/{rel}","templated":true}]}}