{"id":3904,"date":"2020-10-29T09:04:38","date_gmt":"2020-12-21T11:41:39","guid":{"rendered":"http:\/\/rayt.com\/?post_type=product&#038;p=3904"},"modified":"2021-02-17T10:39:38","modified_gmt":"2021-02-17T10:39:38","slug":"ma-6767","status":"publish","type":"product","link":"https:\/\/rayt.com\/fr\/producto\/ma-6767\/","title":{"rendered":"MA-6767"},"content":{"rendered":"<div id=\"description_block\">\n<div id=\"description_content\" class=\"rte align_justify\">\n<div id=\"description_block\">\n<div id=\"description_content\" class=\"rte align_justify\">\n<div id=\"description_block\">\n<div id=\"description_content\" class=\"rte align_justify\">\n<p>ADH\u00c9SIF THERMOFUSIBLE SP\u00c9CIAL POUR REV\u00caTEMENT AVEC PVC.<\/p>\n<\/div>\n<div id=\"description_content\" class=\"rte align_justify\">\n<p>Adh\u00e9sif thermofusible pour le rev\u00eatement de moulures en agglom\u00e9r\u00e9 avec film de PVC avec ou sans primaire, par exemple dans la fabrication de l&rsquo;arri\u00e8re du tiroir.<\/p>\n<\/div>\n<\/div>\n<h4>CARACTERISTIQUES<\/h4>\n<p>Rev\u00eatement PVC avec ou sans amorce. Part arri\u00e8re du tiroirs.<br \/>\nTemp\u00e9rature d&rsquo;application: 140-160\u00baC.<br \/>\nViscosit\u00e9 moyenne-faible.<br \/>\nTemps ouvert moyen-long.<br \/>\nCouleur jaune solide.<\/p>\n<\/div>\n<\/div>\n<\/div>\n<\/div>\n","protected":false},"excerpt":{"rendered":"<p>ADH\u00c9SIF THERMOFUSIBLE SP\u00c9CIAL POUR REV\u00caTEMENT AVEC PVC. Adh\u00e9sif thermofusible pour<\/p>\n","protected":false},"featured_media":2267,"comment_status":"open","ping_status":"closed","template":"","meta":{"_acf_changed":false},"product_cat":[843,849,1413,602,937],"product_tag":[],"acf":[],"_links":{"self":[{"href":"https:\/\/rayt.com\/fr\/wp-json\/wp\/v2\/product\/3904"}],"collection":[{"href":"https:\/\/rayt.com\/fr\/wp-json\/wp\/v2\/product"}],"about":[{"href":"https:\/\/rayt.com\/fr\/wp-json\/wp\/v2\/types\/product"}],"replies":[{"embeddable":true,"href":"https:\/\/rayt.com\/fr\/wp-json\/wp\/v2\/comments?post=3904"}],"wp:featuredmedia":[{"embeddable":true,"href":"https:\/\/rayt.com\/fr\/wp-json\/wp\/v2\/media\/2267"}],"wp:attachment":[{"href":"https:\/\/rayt.com\/fr\/wp-json\/wp\/v2\/media?parent=3904"}],"wp:term":[{"taxonomy":"product_cat","embeddable":true,"href":"https:\/\/rayt.com\/fr\/wp-json\/wp\/v2\/product_cat?post=3904"},{"taxonomy":"product_tag","embeddable":true,"href":"https:\/\/rayt.com\/fr\/wp-json\/wp\/v2\/product_tag?post=3904"}],"curies":[{"name":"wp","href":"https:\/\/api.w.org\/{rel}","templated":true}]}}