{"id":3918,"date":"2020-10-30T09:41:15","date_gmt":"2020-12-21T11:50:36","guid":{"rendered":"http:\/\/rayt.com\/?post_type=product&#038;p=3918"},"modified":"2021-02-17T08:33:08","modified_gmt":"2021-02-17T08:33:08","slug":"ma-6244","status":"publish","type":"product","link":"https:\/\/rayt.com\/fr\/producto\/ma-6244\/","title":{"rendered":"MA-6244"},"content":{"rendered":"<p>HOT-MELT POUR LE COLLAGE DE CHANTS. SP\u00c9CIALE POUR APPLICATION \u00c0 BASSE TEMP\u00c9RATURE. SANS CHARGES.<br \/>\nAdh\u00e9sif sans chargespour le collage de chants, couleur transparent-jaun\u00e2tre, id\u00e9ale pour les machines de chants \u00e0 basse temp\u00e9rature d&rsquo;application, comme VIRUTEX, ADAMIK, IMA \u0085<\/p>\n<h4>CARACTERISTIQUES<\/h4>\n<p>Il peut \u00eatre utilis\u00e9 dans des machines avec application \u00e0 rouleaux ou injecteur.<br \/>\nAssemblage des mat\u00e9riaux (bois, panneaux de particules, papier, etc.).<br \/>\nChant courb\u00e9.<\/p>\n","protected":false},"excerpt":{"rendered":"<p>HOT-MELT POUR LE COLLAGE DE CHANTS. SP\u00c9CIALE POUR APPLICATION \u00c0<\/p>\n","protected":false},"featured_media":3920,"comment_status":"open","ping_status":"closed","template":"","meta":{"_acf_changed":false},"product_cat":[1557,602,937,915,912],"product_tag":[],"acf":[],"_links":{"self":[{"href":"https:\/\/rayt.com\/fr\/wp-json\/wp\/v2\/product\/3918"}],"collection":[{"href":"https:\/\/rayt.com\/fr\/wp-json\/wp\/v2\/product"}],"about":[{"href":"https:\/\/rayt.com\/fr\/wp-json\/wp\/v2\/types\/product"}],"replies":[{"embeddable":true,"href":"https:\/\/rayt.com\/fr\/wp-json\/wp\/v2\/comments?post=3918"}],"wp:featuredmedia":[{"embeddable":true,"href":"https:\/\/rayt.com\/fr\/wp-json\/wp\/v2\/media\/3920"}],"wp:attachment":[{"href":"https:\/\/rayt.com\/fr\/wp-json\/wp\/v2\/media?parent=3918"}],"wp:term":[{"taxonomy":"product_cat","embeddable":true,"href":"https:\/\/rayt.com\/fr\/wp-json\/wp\/v2\/product_cat?post=3918"},{"taxonomy":"product_tag","embeddable":true,"href":"https:\/\/rayt.com\/fr\/wp-json\/wp\/v2\/product_tag?post=3918"}],"curies":[{"name":"wp","href":"https:\/\/api.w.org\/{rel}","templated":true}]}}