{"id":3919,"date":"2020-10-22T10:00:39","date_gmt":"2020-12-21T11:50:20","guid":{"rendered":"http:\/\/rayt.com\/?post_type=product&#038;p=3919"},"modified":"2021-02-25T08:28:19","modified_gmt":"2021-02-25T08:28:19","slug":"ma-6512","status":"publish","type":"product","link":"https:\/\/rayt.com\/fr\/producto\/ma-6512\/","title":{"rendered":"MA-6512"},"content":{"rendered":"<div id=\"description_block\">\n<div id=\"description_content\" class=\"rte align_justify\">\n<div id=\"description_content\" class=\"rte align_justify\">\n<div id=\"description_block\">\n<div id=\"description_content\" class=\"rte align_justify\">\n<div id=\"description_block\">\n<div id=\"description_content\" class=\"rte align_justify\">\n<p>ADH\u00c9SIF THERMOFUSIBLE GRANUL\u00c9. COULEUR IVOIRE.<\/p>\n<\/div>\n<div id=\"description_content\" class=\"rte align_justify\">\n<p>Adh\u00e9sif thermofusible pour encoller des chants courb\u00e9s dans de machines manuelles ou semi-automatiques.<br \/>\nAppropri\u00e9 pour la m\u00e9lamine, le polyester, les plaques en bois et le PVC\/ABS. Couleur: Ivoire.<\/p>\n<\/div>\n<\/div>\n<h4>CARACTERISTIQUES<\/h4>\n<p>Pour des machines petites et portables comme CEHISA, VIRUTEX, ADAMIK, IMA, FRAVOL, BIESSE, HEBROCK<br \/>\nChants de PVC, d&rsquo;ABS, de polyester, de placage ou de m\u00e9lamine.<br \/>\nTemp\u00e9rature d&rsquo;application: 140-160\u00baC.<br \/>\nFaible viscosit\u00e9. Temps ouvert long.<br \/>\nVitesse de la machine: 5-20 m\/min.<\/p>\n<\/div>\n<\/div>\n<\/div>\n<\/div>\n<\/div>\n","protected":false},"excerpt":{"rendered":"<p>ADH\u00c9SIF THERMOFUSIBLE GRANUL\u00c9. COULEUR IVOIRE. Adh\u00e9sif thermofusible pour encoller des<\/p>\n","protected":false},"featured_media":3763,"comment_status":"open","ping_status":"closed","template":"","meta":{"_acf_changed":false},"product_cat":[1557,602,937,915,912],"product_tag":[],"acf":[],"_links":{"self":[{"href":"https:\/\/rayt.com\/fr\/wp-json\/wp\/v2\/product\/3919"}],"collection":[{"href":"https:\/\/rayt.com\/fr\/wp-json\/wp\/v2\/product"}],"about":[{"href":"https:\/\/rayt.com\/fr\/wp-json\/wp\/v2\/types\/product"}],"replies":[{"embeddable":true,"href":"https:\/\/rayt.com\/fr\/wp-json\/wp\/v2\/comments?post=3919"}],"wp:featuredmedia":[{"embeddable":true,"href":"https:\/\/rayt.com\/fr\/wp-json\/wp\/v2\/media\/3763"}],"wp:attachment":[{"href":"https:\/\/rayt.com\/fr\/wp-json\/wp\/v2\/media?parent=3919"}],"wp:term":[{"taxonomy":"product_cat","embeddable":true,"href":"https:\/\/rayt.com\/fr\/wp-json\/wp\/v2\/product_cat?post=3919"},{"taxonomy":"product_tag","embeddable":true,"href":"https:\/\/rayt.com\/fr\/wp-json\/wp\/v2\/product_tag?post=3919"}],"curies":[{"name":"wp","href":"https:\/\/api.w.org\/{rel}","templated":true}]}}