{"id":3936,"date":"2020-10-22T10:03:30","date_gmt":"2020-12-21T12:11:05","guid":{"rendered":"http:\/\/rayt.com\/?post_type=product&#038;p=3936"},"modified":"2021-02-25T08:29:31","modified_gmt":"2021-02-25T08:29:31","slug":"ma-6737","status":"publish","type":"product","link":"https:\/\/rayt.com\/fr\/producto\/ma-6737\/","title":{"rendered":"MA-6737"},"content":{"rendered":"<div id=\"description_block\">\n<div id=\"description_content\" class=\"rte align_justify\">\n<div id=\"description_block\">\n<div id=\"description_content\" class=\"rte align_justify\">\n<div id=\"description_block\">\n<div id=\"description_content\" class=\"rte align_justify\">\n<div id=\"description_block\">\n<div id=\"description_content\" class=\"rte align_justify\">\n<p>ADH\u00c9SIF THERMOFUSIBLE POUR COLLER DES CHANTS. USAGE G\u00c9N\u00c9RAL. HAUTE STABILIT\u00c9 THERMIQUE.<\/p>\n<\/div>\n<div id=\"description_content\" class=\"rte align_justify\">\n<p>Adh\u00e9sif de haute stabilit\u00e9 thermique pour le placage de chants PVC, ABS, polyester, plaques en bois et m\u00e9lamine.<\/p>\n<\/div>\n<\/div>\n<h4>CARACTERISTIQUES<\/h4>\n<p>Stabilit\u00e9 thermique am\u00e9lior\u00e9e et un fonctionnement propre dans la machine. Sp\u00e9ciale pour machines avec une utilisation intermittente.<br \/>\nChants en PVC, ABS, polyester, placage ou m\u00e9lamine.<br \/>\nMoyenne viscosit\u00e9. Temps ouvert moyenne.<br \/>\nTemp\u00e9rature d&rsquo;application: 180-200\u00baC.<br \/>\nVitesse de la machine: 9-40 m\/min.<\/p>\n<\/div>\n<\/div>\n<\/div>\n<\/div>\n<\/div>\n<\/div>\n","protected":false},"excerpt":{"rendered":"<p>ADH\u00c9SIF THERMOFUSIBLE POUR COLLER DES CHANTS. USAGE G\u00c9N\u00c9RAL. HAUTE STABILIT\u00c9<\/p>\n","protected":false},"featured_media":2305,"comment_status":"open","ping_status":"closed","template":"","meta":{"_acf_changed":false},"product_cat":[1557,602,937,915,912],"product_tag":[],"acf":[],"_links":{"self":[{"href":"https:\/\/rayt.com\/fr\/wp-json\/wp\/v2\/product\/3936"}],"collection":[{"href":"https:\/\/rayt.com\/fr\/wp-json\/wp\/v2\/product"}],"about":[{"href":"https:\/\/rayt.com\/fr\/wp-json\/wp\/v2\/types\/product"}],"replies":[{"embeddable":true,"href":"https:\/\/rayt.com\/fr\/wp-json\/wp\/v2\/comments?post=3936"}],"wp:featuredmedia":[{"embeddable":true,"href":"https:\/\/rayt.com\/fr\/wp-json\/wp\/v2\/media\/2305"}],"wp:attachment":[{"href":"https:\/\/rayt.com\/fr\/wp-json\/wp\/v2\/media?parent=3936"}],"wp:term":[{"taxonomy":"product_cat","embeddable":true,"href":"https:\/\/rayt.com\/fr\/wp-json\/wp\/v2\/product_cat?post=3936"},{"taxonomy":"product_tag","embeddable":true,"href":"https:\/\/rayt.com\/fr\/wp-json\/wp\/v2\/product_tag?post=3936"}],"curies":[{"name":"wp","href":"https:\/\/api.w.org\/{rel}","templated":true}]}}