{"id":3940,"date":"2020-10-29T10:32:05","date_gmt":"2020-12-21T12:21:22","guid":{"rendered":"http:\/\/rayt.com\/?post_type=product&#038;p=3940"},"modified":"2021-02-17T09:43:30","modified_gmt":"2021-02-17T09:43:30","slug":"ma-6443-nv","status":"publish","type":"product","link":"https:\/\/rayt.com\/fr\/producto\/ma-6443-nv\/","title":{"rendered":"MA-6443-NV"},"content":{"rendered":"<div id=\"description_block\">\n<div id=\"description_content\" class=\"rte align_justify\">\n<div id=\"description_block\">\n<div id=\"description_content\" class=\"rte align_justify\">\n<div id=\"description_block\">\n<div id=\"description_content\" class=\"rte align_justify\">\n<div id=\"description_block\">\n<div id=\"description_content\" class=\"rte align_justify\">\n<p>HOT-MELT SP\u00c9CIAL POUR LE PR\u00c9-ENCOLAGE DES CHANTS. PRISE TRES RAPIDE.<\/p>\n<\/div>\n<div id=\"description_content\" class=\"rte align_justify\">\n<p>Adh\u00e9sif thermofusible pour le pr\u00e9-encollage des chants avecdes machines style HARDO, BRANDT, VIRUTEX ou des machines similaires d&rsquo;application au rouleau.<br \/>\nPrise rapide permetant le rembobinage imm\u00e9diat et la r\u00e9cup\u00e9ration facile pour aider l&rsquo;application de l&rsquo;utilisateur final.<\/p>\n<\/div>\n<\/div>\n<h4>CARACTERISTIQUES<\/h4>\n<p>Prise rapide pour \u00e9viter des probl\u00e8mes de blocage dans les rouleaux.<br \/>\nPr\u00e9-encollage de tous types de chants.<br \/>\nTemp\u00e9rature d&rsquo;application: 160-180\u00baC.<br \/>\nViscosit\u00e9 moyenne-haute.<br \/>\nR\u00e9activation facile.<\/p>\n<\/div>\n<\/div>\n<\/div>\n<\/div>\n<\/div>\n<\/div>\n","protected":false},"excerpt":{"rendered":"<p>HOT-MELT SP\u00c9CIAL POUR LE PR\u00c9-ENCOLAGE DES CHANTS. PRISE TRES RAPIDE.<\/p>\n","protected":false},"featured_media":3805,"comment_status":"open","ping_status":"closed","template":"","meta":{"_acf_changed":false},"product_cat":[1558,602,937,912,927],"product_tag":[],"acf":[],"_links":{"self":[{"href":"https:\/\/rayt.com\/fr\/wp-json\/wp\/v2\/product\/3940"}],"collection":[{"href":"https:\/\/rayt.com\/fr\/wp-json\/wp\/v2\/product"}],"about":[{"href":"https:\/\/rayt.com\/fr\/wp-json\/wp\/v2\/types\/product"}],"replies":[{"embeddable":true,"href":"https:\/\/rayt.com\/fr\/wp-json\/wp\/v2\/comments?post=3940"}],"wp:featuredmedia":[{"embeddable":true,"href":"https:\/\/rayt.com\/fr\/wp-json\/wp\/v2\/media\/3805"}],"wp:attachment":[{"href":"https:\/\/rayt.com\/fr\/wp-json\/wp\/v2\/media?parent=3940"}],"wp:term":[{"taxonomy":"product_cat","embeddable":true,"href":"https:\/\/rayt.com\/fr\/wp-json\/wp\/v2\/product_cat?post=3940"},{"taxonomy":"product_tag","embeddable":true,"href":"https:\/\/rayt.com\/fr\/wp-json\/wp\/v2\/product_tag?post=3940"}],"curies":[{"name":"wp","href":"https:\/\/api.w.org\/{rel}","templated":true}]}}