{"id":3947,"date":"2020-10-29T10:32:47","date_gmt":"2020-12-21T12:30:18","guid":{"rendered":"http:\/\/rayt.com\/?post_type=product&#038;p=3947"},"modified":"2021-02-17T09:44:53","modified_gmt":"2021-02-17T09:44:53","slug":"ma-6713-t","status":"publish","type":"product","link":"https:\/\/rayt.com\/fr\/producto\/ma-6713-t\/","title":{"rendered":"MA-6713-T"},"content":{"rendered":"<div id=\"description_block\">\n<div id=\"description_content\" class=\"rte align_justify\">\n<div id=\"description_block\">\n<div id=\"description_content\" class=\"rte align_justify\">\n<div id=\"description_block\">\n<div id=\"description_content\" class=\"rte align_justify\">\n<div id=\"description_block\">\n<div id=\"description_content\" class=\"rte align_justify\">\n<p>HOT-MELT POUR PR\u00c9-REV\u00caTEMENT DES CHANTS. SANS CHARGES. JAUNE TRANSPARENT.<\/p>\n<\/div>\n<div id=\"description_content\" class=\"rte align_justify\">\n<p>Adh\u00e9sif qui convient pour le pr\u00e9-collage de plaques en bois, polyester et m\u00e9lamine.<\/p>\n<\/div>\n<\/div>\n<h4>CARACTERISTIQUES<\/h4>\n<p>Viscosit\u00e9 adapt\u00e9e pour leur application dans des pre-plaqueuses automatiques: Hardo, Brand, etc<br \/>\nS\u00e9chage rapide pour \u00e9viter des probl\u00e8mes de blocage dans les rouleaux.<br \/>\nPr\u00e9-encollage de tous types de chants.<br \/>\nTemp\u00e9rature d&rsquo;application: 160-190\u00baC.<br \/>\nR\u00e9activation facile.<\/p>\n<\/div>\n<\/div>\n<\/div>\n<\/div>\n<\/div>\n<\/div>\n","protected":false},"excerpt":{"rendered":"<p>HOT-MELT POUR PR\u00c9-REV\u00caTEMENT DES CHANTS. SANS CHARGES. JAUNE TRANSPARENT. Adh\u00e9sif<\/p>\n","protected":false},"featured_media":3948,"comment_status":"open","ping_status":"closed","template":"","meta":{"_acf_changed":false},"product_cat":[1558,602,937,912,927],"product_tag":[],"acf":[],"_links":{"self":[{"href":"https:\/\/rayt.com\/fr\/wp-json\/wp\/v2\/product\/3947"}],"collection":[{"href":"https:\/\/rayt.com\/fr\/wp-json\/wp\/v2\/product"}],"about":[{"href":"https:\/\/rayt.com\/fr\/wp-json\/wp\/v2\/types\/product"}],"replies":[{"embeddable":true,"href":"https:\/\/rayt.com\/fr\/wp-json\/wp\/v2\/comments?post=3947"}],"wp:featuredmedia":[{"embeddable":true,"href":"https:\/\/rayt.com\/fr\/wp-json\/wp\/v2\/media\/3948"}],"wp:attachment":[{"href":"https:\/\/rayt.com\/fr\/wp-json\/wp\/v2\/media?parent=3947"}],"wp:term":[{"taxonomy":"product_cat","embeddable":true,"href":"https:\/\/rayt.com\/fr\/wp-json\/wp\/v2\/product_cat?post=3947"},{"taxonomy":"product_tag","embeddable":true,"href":"https:\/\/rayt.com\/fr\/wp-json\/wp\/v2\/product_tag?post=3947"}],"curies":[{"name":"wp","href":"https:\/\/api.w.org\/{rel}","templated":true}]}}