{"id":3952,"date":"2020-10-29T10:38:27","date_gmt":"2020-12-21T12:47:34","guid":{"rendered":"http:\/\/rayt.com\/?post_type=product&#038;p=3952"},"modified":"2021-02-17T09:46:10","modified_gmt":"2021-02-17T09:46:10","slug":"ma-6715","status":"publish","type":"product","link":"https:\/\/rayt.com\/fr\/producto\/ma-6715\/","title":{"rendered":"MA-6715"},"content":{"rendered":"<div id=\"description_block\">\n<div id=\"description_content\" class=\"rte align_justify\">\n<p>ADH\u00c9SIF THERMOFUSIBLE POUR L&rsquo;ENCOLLAGE DES CHANTS. SANS CHARGES.<\/p>\n<\/div>\n<div id=\"description_content\" class=\"rte align_justify\">\n<p>Adh\u00e9sif pour l&rsquo;encollage des chants de PVC, ABS, polyester, plaques en bois et m\u00e9lamine.<\/p>\n<\/div>\n<\/div>\n<h4>CARACTERISTIQUES<\/h4>\n<p>\u00c9galement appropri\u00e9 pour le placage de chants en m\u00e9lamine, en placage bois, en polyester ou en PVC imprim\u00e9 quand vous avez besoin de travailler \u00e0 temp\u00e9rature faible ou \u00e0 vitesse lente (machines semi-automatiques, chant courb\u00e9, etc.)<br \/>\nS\u00e9chage rapide pour \u00e9viter des probl\u00e8mes de blocage dans les rouleaux.<br \/>\nPr\u00e9-encollage de tous types de chants.<br \/>\nR\u00e9activation facile.<\/p>\n","protected":false},"excerpt":{"rendered":"<p>ADH\u00c9SIF THERMOFUSIBLE POUR L&rsquo;ENCOLLAGE DES CHANTS. SANS CHARGES. Adh\u00e9sif pour<\/p>\n","protected":false},"featured_media":3749,"comment_status":"open","ping_status":"closed","template":"","meta":{"_acf_changed":false},"product_cat":[1558,602,937,912,927],"product_tag":[],"acf":[],"_links":{"self":[{"href":"https:\/\/rayt.com\/fr\/wp-json\/wp\/v2\/product\/3952"}],"collection":[{"href":"https:\/\/rayt.com\/fr\/wp-json\/wp\/v2\/product"}],"about":[{"href":"https:\/\/rayt.com\/fr\/wp-json\/wp\/v2\/types\/product"}],"replies":[{"embeddable":true,"href":"https:\/\/rayt.com\/fr\/wp-json\/wp\/v2\/comments?post=3952"}],"wp:featuredmedia":[{"embeddable":true,"href":"https:\/\/rayt.com\/fr\/wp-json\/wp\/v2\/media\/3749"}],"wp:attachment":[{"href":"https:\/\/rayt.com\/fr\/wp-json\/wp\/v2\/media?parent=3952"}],"wp:term":[{"taxonomy":"product_cat","embeddable":true,"href":"https:\/\/rayt.com\/fr\/wp-json\/wp\/v2\/product_cat?post=3952"},{"taxonomy":"product_tag","embeddable":true,"href":"https:\/\/rayt.com\/fr\/wp-json\/wp\/v2\/product_tag?post=3952"}],"curies":[{"name":"wp","href":"https:\/\/api.w.org\/{rel}","templated":true}]}}