{"id":3986,"date":"2020-11-03T08:38:54","date_gmt":"2020-12-21T17:00:00","guid":{"rendered":"http:\/\/rayt.com\/?post_type=product&#038;p=3986"},"modified":"2021-02-12T11:21:05","modified_gmt":"2021-02-12T11:21:05","slug":"disolvente-hm-d","status":"publish","type":"product","link":"https:\/\/rayt.com\/fr\/producto\/disolvente-hm-d\/","title":{"rendered":"DISOLVENTE HM-D"},"content":{"rendered":"<div id=\"description_block\">\n<div id=\"description_content\" class=\"rte align_justify\">\n<div id=\"description_block\">\n<div id=\"description_content\" class=\"rte align_justify\">\n<p>NETTOYANT PAS DANGEREUX POUR L&rsquo;\u00c9QUIPEMENT D&rsquo;APPLICATION HOT-MELT.<\/p>\n<\/div>\n<div id=\"description_content\" class=\"rte align_justify\">\n<p>Destin\u00e9 au nettoyage par immersion \u00e0 chaud du mat\u00e9riel d&rsquo;application, enlevant les cro\u00fbtes de colle qui sont attach\u00e9s aux parois de l&rsquo;\u00e9quipe.<\/p>\n<\/div>\n<\/div>\n<h4>CARACTERISTIQUES<\/h4>\n<p>Solvant ininflammable pour nettoyer l&rsquo;\u00e9quipement applicateur de hot-melt.<\/p>\n<\/div>\n<\/div>\n","protected":false},"excerpt":{"rendered":"<p>NETTOYANT PAS DANGEREUX POUR L&rsquo;\u00c9QUIPEMENT D&rsquo;APPLICATION HOT-MELT. Destin\u00e9 au nettoyage<\/p>\n","protected":false},"featured_media":3987,"comment_status":"open","ping_status":"closed","template":"","meta":{"_acf_changed":false},"product_cat":[602,948,1725,957,942],"product_tag":[],"acf":[],"_links":{"self":[{"href":"https:\/\/rayt.com\/fr\/wp-json\/wp\/v2\/product\/3986"}],"collection":[{"href":"https:\/\/rayt.com\/fr\/wp-json\/wp\/v2\/product"}],"about":[{"href":"https:\/\/rayt.com\/fr\/wp-json\/wp\/v2\/types\/product"}],"replies":[{"embeddable":true,"href":"https:\/\/rayt.com\/fr\/wp-json\/wp\/v2\/comments?post=3986"}],"wp:featuredmedia":[{"embeddable":true,"href":"https:\/\/rayt.com\/fr\/wp-json\/wp\/v2\/media\/3987"}],"wp:attachment":[{"href":"https:\/\/rayt.com\/fr\/wp-json\/wp\/v2\/media?parent=3986"}],"wp:term":[{"taxonomy":"product_cat","embeddable":true,"href":"https:\/\/rayt.com\/fr\/wp-json\/wp\/v2\/product_cat?post=3986"},{"taxonomy":"product_tag","embeddable":true,"href":"https:\/\/rayt.com\/fr\/wp-json\/wp\/v2\/product_tag?post=3986"}],"curies":[{"name":"wp","href":"https:\/\/api.w.org\/{rel}","templated":true}]}}