{"id":3993,"date":"2020-10-30T09:57:04","date_gmt":"2020-12-22T08:34:11","guid":{"rendered":"http:\/\/rayt.com\/?post_type=product&#038;p=3993"},"modified":"2021-02-17T08:49:18","modified_gmt":"2021-02-17T08:49:18","slug":"ma-6581","status":"publish","type":"product","link":"https:\/\/rayt.com\/fr\/producto\/ma-6581\/","title":{"rendered":"MA-6581"},"content":{"rendered":"<p>ADH\u00c9SIF THERMOFUSIBLE POUR L&rsquo;ENCOLLAGE DES CHANTS. SPECIAL POUR LE PVC.<br \/>\nAdh\u00e9sif haute qualit\u00e9 sp\u00e9cial pour l&rsquo;encollage des chants en PVC jusqu&rsquo;\u00e0 4 mm.<br \/>\nConvient \u00e9galement pour l&rsquo;ABS, le polyester, plaques en bois ou m\u00e9lamine.<\/p>\n<h4>CARACTERISTIQUES<\/h4>\n<p>Chants de jusqu&rsquo;\u00e0 4 mm en PVC, ABS, polyester, placage ou m\u00e9lamine.<br \/>\nExcellente \u00e9lasticit\u00e9 et r\u00e9sistance au froid.<br \/>\nTemp\u00e9rature d&rsquo;application: 190-210\u00baC.<br \/>\nVitesse de la machine: 10-40 m\/min.<br \/>\nMoyenne viscosit\u00e9.<\/p>\n","protected":false},"excerpt":{"rendered":"<p>ADH\u00c9SIF THERMOFUSIBLE POUR L&rsquo;ENCOLLAGE DES CHANTS. SPECIAL POUR LE PVC.<\/p>\n","protected":false},"featured_media":3776,"comment_status":"open","ping_status":"closed","template":"","meta":{"_acf_changed":false},"product_cat":[1557,602,937,915,912],"product_tag":[],"acf":[],"_links":{"self":[{"href":"https:\/\/rayt.com\/fr\/wp-json\/wp\/v2\/product\/3993"}],"collection":[{"href":"https:\/\/rayt.com\/fr\/wp-json\/wp\/v2\/product"}],"about":[{"href":"https:\/\/rayt.com\/fr\/wp-json\/wp\/v2\/types\/product"}],"replies":[{"embeddable":true,"href":"https:\/\/rayt.com\/fr\/wp-json\/wp\/v2\/comments?post=3993"}],"wp:featuredmedia":[{"embeddable":true,"href":"https:\/\/rayt.com\/fr\/wp-json\/wp\/v2\/media\/3776"}],"wp:attachment":[{"href":"https:\/\/rayt.com\/fr\/wp-json\/wp\/v2\/media?parent=3993"}],"wp:term":[{"taxonomy":"product_cat","embeddable":true,"href":"https:\/\/rayt.com\/fr\/wp-json\/wp\/v2\/product_cat?post=3993"},{"taxonomy":"product_tag","embeddable":true,"href":"https:\/\/rayt.com\/fr\/wp-json\/wp\/v2\/product_tag?post=3993"}],"curies":[{"name":"wp","href":"https:\/\/api.w.org\/{rel}","templated":true}]}}