{"id":4001,"date":"2020-10-30T10:19:36","date_gmt":"2020-12-22T08:56:41","guid":{"rendered":"http:\/\/rayt.com\/?post_type=product&#038;p=4001"},"modified":"2021-02-17T09:05:15","modified_gmt":"2021-02-17T09:05:15","slug":"ma-6719-t","status":"publish","type":"product","link":"https:\/\/rayt.com\/fr\/producto\/ma-6719-t\/","title":{"rendered":"MA-6719-T"},"content":{"rendered":"<p>ADH\u00c9SIF THERMOFUSIBLE POUR L&rsquo;ENCOLLAGE DES CHANTS. TRANSPARENT.<br \/>\nAdh\u00e9sif pour l&rsquo;encollage des chants jusqu&rsquo;\u00e0 3 mm. PVC, ABS, polyester, plaques en bois et m\u00e9lamine.<\/p>\n<h4>CARACTERISTIQUES<\/h4>\n<p>Excellente stabilit\u00e9 thermique : lorsque l&rsquo;on travaille par intermittence minimise les probl\u00e8mes d&rsquo;encrassement, cendres, peaux, etc. dans les chaudi\u00e8res de fusion.<br \/>\nAppropri\u00e9 \u00e0 tous les types de plaqueuses de chants et surtout pour le travail non continu (ateliers).<br \/>\nChants de m\u00e9lamine, PVC et polyester (jusqu&rsquo;\u00e0 3 mm).<br \/>\nTemp\u00e9rature d&rsquo;application: 190-220\u00baC.<br \/>\nRendement tr\u00e8s \u00e9lev\u00e9.<br \/>\nTemps ouvert moyen.<\/p>\n","protected":false},"excerpt":{"rendered":"<p>ADH\u00c9SIF THERMOFUSIBLE POUR L&rsquo;ENCOLLAGE DES CHANTS. TRANSPARENT. Adh\u00e9sif pour l&rsquo;encollage<\/p>\n","protected":false},"featured_media":2319,"comment_status":"open","ping_status":"closed","template":"","meta":{"_acf_changed":false},"product_cat":[1557,602,937,915,912],"product_tag":[],"acf":[],"_links":{"self":[{"href":"https:\/\/rayt.com\/fr\/wp-json\/wp\/v2\/product\/4001"}],"collection":[{"href":"https:\/\/rayt.com\/fr\/wp-json\/wp\/v2\/product"}],"about":[{"href":"https:\/\/rayt.com\/fr\/wp-json\/wp\/v2\/types\/product"}],"replies":[{"embeddable":true,"href":"https:\/\/rayt.com\/fr\/wp-json\/wp\/v2\/comments?post=4001"}],"wp:featuredmedia":[{"embeddable":true,"href":"https:\/\/rayt.com\/fr\/wp-json\/wp\/v2\/media\/2319"}],"wp:attachment":[{"href":"https:\/\/rayt.com\/fr\/wp-json\/wp\/v2\/media?parent=4001"}],"wp:term":[{"taxonomy":"product_cat","embeddable":true,"href":"https:\/\/rayt.com\/fr\/wp-json\/wp\/v2\/product_cat?post=4001"},{"taxonomy":"product_tag","embeddable":true,"href":"https:\/\/rayt.com\/fr\/wp-json\/wp\/v2\/product_tag?post=4001"}],"curies":[{"name":"wp","href":"https:\/\/api.w.org\/{rel}","templated":true}]}}