{"id":4004,"date":"2020-10-29T10:00:58","date_gmt":"2020-12-22T09:15:10","guid":{"rendered":"http:\/\/rayt.com\/?post_type=product&#038;p=4004"},"modified":"2021-02-17T10:29:08","modified_gmt":"2021-02-17T10:29:08","slug":"ma-6523-r","status":"publish","type":"product","link":"https:\/\/rayt.com\/fr\/producto\/ma-6523-r\/","title":{"rendered":"MA-6523-R"},"content":{"rendered":"<p>HOT-MELT POUR LE REV\u00caTEMENT DES MOULURES. HPL.<br \/>\nAdh\u00e9sif particuli\u00e8rement adapt\u00e9 pour les moulures bord\u00e9es de m\u00e9lamine stratifi\u00e9 haute pression dans les machines automatiques sp\u00e9ciales.<\/p>\n<h4>CARACTERISTIQUES<\/h4>\n<p>Enrobage de moulures avec stratifi\u00e9s de m\u00e9lamine d&rsquo;\u0092haute pression dans de machines automatiques sp\u00e9ciales.<br \/>\nTemp\u00e9rature d&rsquo;application: 190-210\u00baC.<br \/>\nTemps ouvert curt.<\/p>\n","protected":false},"excerpt":{"rendered":"<p>HOT-MELT POUR LE REV\u00caTEMENT DES MOULURES. HPL. Adh\u00e9sif particuli\u00e8rement adapt\u00e9<\/p>\n","protected":false},"featured_media":3805,"comment_status":"open","ping_status":"closed","template":"","meta":{"_acf_changed":false},"product_cat":[849,1387,602,937,1094],"product_tag":[],"acf":[],"_links":{"self":[{"href":"https:\/\/rayt.com\/fr\/wp-json\/wp\/v2\/product\/4004"}],"collection":[{"href":"https:\/\/rayt.com\/fr\/wp-json\/wp\/v2\/product"}],"about":[{"href":"https:\/\/rayt.com\/fr\/wp-json\/wp\/v2\/types\/product"}],"replies":[{"embeddable":true,"href":"https:\/\/rayt.com\/fr\/wp-json\/wp\/v2\/comments?post=4004"}],"wp:featuredmedia":[{"embeddable":true,"href":"https:\/\/rayt.com\/fr\/wp-json\/wp\/v2\/media\/3805"}],"wp:attachment":[{"href":"https:\/\/rayt.com\/fr\/wp-json\/wp\/v2\/media?parent=4004"}],"wp:term":[{"taxonomy":"product_cat","embeddable":true,"href":"https:\/\/rayt.com\/fr\/wp-json\/wp\/v2\/product_cat?post=4004"},{"taxonomy":"product_tag","embeddable":true,"href":"https:\/\/rayt.com\/fr\/wp-json\/wp\/v2\/product_tag?post=4004"}],"curies":[{"name":"wp","href":"https:\/\/api.w.org\/{rel}","templated":true}]}}