{"id":4008,"date":"2020-12-22T09:31:37","date_gmt":"2020-12-22T09:39:19","guid":{"rendered":"http:\/\/rayt.com\/?post_type=product&#038;p=4008"},"modified":"2021-02-22T10:37:45","modified_gmt":"2021-02-22T10:37:45","slug":"sprint-ms-polymer-2","status":"publish","type":"product","link":"https:\/\/rayt.com\/fr\/producto\/sprint-ms-polymer-2\/","title":{"rendered":"Sprint MS Polymer"},"content":{"rendered":"<p>POLYM\u00c8RE HYBRIDE MS EN CARTOUCHE POUR ENCOLLER ET SCELLER.<br \/>\nPolym\u00e8re hybride MS transparent en cartouche, avec une adh\u00e9rence parfaite dans la majorit\u00e9 des materiaux. Peut \u00eatre peint.<\/p>\n<h4>CARACTERISTIQUES<\/h4>\n<p>Fonction de colle et mastic: COLLES ET SCELLES.<br \/>\nAdh\u00e9rence parfaite sur la plupart des mat\u00e9riaux: bois, m\u00e9tal, aluminium, fer, acier inoxydable, cuivre, b\u00e9ton, c\u00e9ramique, polycarbonate, polyester, marbre, verre, polystyr\u00e8ne, PVC, etc.<br \/>\nBonne application, m\u00eame \u00e0 basse temp\u00e9rature.<br \/>\nIl ne pollue pas l&rsquo;environnement: pas de solvants ou d\u2019isocyanates ou des silicones.<br \/>\nR\u00e9sistant \u00e0 la croissance de moisissures.<\/p>\n","protected":false},"excerpt":{"rendered":"<p>POLYM\u00c8RE HYBRIDE MS EN CARTOUCHE POUR ENCOLLER ET SCELLER. Polym\u00e8re<\/p>\n","protected":false},"featured_media":5743,"comment_status":"open","ping_status":"closed","template":"","meta":{"_acf_changed":false},"product_cat":[1539,1719,858,857,602,948,937,952],"product_tag":[],"acf":[],"_links":{"self":[{"href":"https:\/\/rayt.com\/fr\/wp-json\/wp\/v2\/product\/4008"}],"collection":[{"href":"https:\/\/rayt.com\/fr\/wp-json\/wp\/v2\/product"}],"about":[{"href":"https:\/\/rayt.com\/fr\/wp-json\/wp\/v2\/types\/product"}],"replies":[{"embeddable":true,"href":"https:\/\/rayt.com\/fr\/wp-json\/wp\/v2\/comments?post=4008"}],"wp:featuredmedia":[{"embeddable":true,"href":"https:\/\/rayt.com\/fr\/wp-json\/wp\/v2\/media\/5743"}],"wp:attachment":[{"href":"https:\/\/rayt.com\/fr\/wp-json\/wp\/v2\/media?parent=4008"}],"wp:term":[{"taxonomy":"product_cat","embeddable":true,"href":"https:\/\/rayt.com\/fr\/wp-json\/wp\/v2\/product_cat?post=4008"},{"taxonomy":"product_tag","embeddable":true,"href":"https:\/\/rayt.com\/fr\/wp-json\/wp\/v2\/product_tag?post=4008"}],"curies":[{"name":"wp","href":"https:\/\/api.w.org\/{rel}","templated":true}]}}