{"id":4011,"date":"2020-11-02T08:46:19","date_gmt":"2020-12-22T09:58:46","guid":{"rendered":"http:\/\/rayt.com\/?post_type=product&#038;p=4011"},"modified":"2021-02-18T08:42:03","modified_gmt":"2021-02-18T08:42:03","slug":"ma-1498-d3-rapida","status":"publish","type":"product","link":"https:\/\/rayt.com\/fr\/producto\/ma-1498-d3-rapida\/","title":{"rendered":"MA-1498 D3 R\u00e1pida"},"content":{"rendered":"<p>ADH\u00c9SIF D3 DE HAUTE QUALITE POUR LE MEUBLE ET LE BOIS. Maximum vitesse de s\u00e9chage.<br \/>\nAdh\u00e9sif \u00e0 usage g\u00e9n\u00e9ral pour l&rsquo;assemblage, les chevilles, le placage en bois ou stratifi\u00e9 en presse \u00e0 froid ou \u00e0 chaud, et toute d&rsquo;autre application de menuiserie ou d&rsquo;\u00e9b\u00e9nisterie.<br \/>\nMaximum vitesse de s\u00e9chage.<\/p>\n<h4>CARACTERISTIQUES<\/h4>\n<p>Utilisable dans la plupart des machines existantes.<br \/>\nTr\u00e8s peu de coloration dans des bois sensibles.<br \/>\nPermet des vitesses maximales de travail.<br \/>\nFlexibilit\u00e9 excellente.<br \/>\nConforme \u00e0 EN 204 D3.<\/p>\n","protected":false},"excerpt":{"rendered":"<p>ADH\u00c9SIF D3 DE HAUTE QUALITE POUR LE MEUBLE ET LE<\/p>\n","protected":false},"featured_media":2988,"comment_status":"open","ping_status":"closed","template":"","meta":{"_acf_changed":false},"product_cat":[930,1734,602,937,935],"product_tag":[],"acf":[],"_links":{"self":[{"href":"https:\/\/rayt.com\/fr\/wp-json\/wp\/v2\/product\/4011"}],"collection":[{"href":"https:\/\/rayt.com\/fr\/wp-json\/wp\/v2\/product"}],"about":[{"href":"https:\/\/rayt.com\/fr\/wp-json\/wp\/v2\/types\/product"}],"replies":[{"embeddable":true,"href":"https:\/\/rayt.com\/fr\/wp-json\/wp\/v2\/comments?post=4011"}],"wp:featuredmedia":[{"embeddable":true,"href":"https:\/\/rayt.com\/fr\/wp-json\/wp\/v2\/media\/2988"}],"wp:attachment":[{"href":"https:\/\/rayt.com\/fr\/wp-json\/wp\/v2\/media?parent=4011"}],"wp:term":[{"taxonomy":"product_cat","embeddable":true,"href":"https:\/\/rayt.com\/fr\/wp-json\/wp\/v2\/product_cat?post=4011"},{"taxonomy":"product_tag","embeddable":true,"href":"https:\/\/rayt.com\/fr\/wp-json\/wp\/v2\/product_tag?post=4011"}],"curies":[{"name":"wp","href":"https:\/\/api.w.org\/{rel}","templated":true}]}}