{"id":4018,"date":"2020-11-02T08:54:50","date_gmt":"2020-12-22T10:16:16","guid":{"rendered":"http:\/\/rayt.com\/?post_type=product&#038;p=4018"},"modified":"2021-02-18T08:43:53","modified_gmt":"2021-02-18T08:43:53","slug":"ma-1499-especial","status":"publish","type":"product","link":"https:\/\/rayt.com\/fr\/producto\/ma-1499-especial\/","title":{"rendered":"MA-1499-Especial"},"content":{"rendered":"<p>ADH\u00c9SIF D3 DE HAUTE QUALITE POUR LE MEUBLE ET LE BOIS. Contracollage de placage bois.<br \/>\nAdh\u00e9sif D3 sp\u00e9cial pour le contracollage de placage bois avec papier support (non-tiss\u00e9) dans des machines automatiques.<br \/>\nHaute vitesse et p\u00e9n\u00e9tration.<\/p>\n<h4>CARACTERISTIQUES<\/h4>\n<p>Utilisable dans la plupart des machines existantes.<br \/>\nTr\u00e8s peu de coloration dans des bois sensibles.<br \/>\nPermet des vitesses de travail \u00e9lev\u00e9es.<br \/>\nTr\u00e8s haute flexibilit\u00e9.<br \/>\nConforme \u00e0 EN 204 D3.<\/p>\n","protected":false},"excerpt":{"rendered":"<p>ADH\u00c9SIF D3 DE HAUTE QUALITE POUR LE MEUBLE ET LE<\/p>\n","protected":false},"featured_media":2988,"comment_status":"open","ping_status":"closed","template":"","meta":{"_acf_changed":false},"product_cat":[930,1734,602,937,935],"product_tag":[],"acf":[],"_links":{"self":[{"href":"https:\/\/rayt.com\/fr\/wp-json\/wp\/v2\/product\/4018"}],"collection":[{"href":"https:\/\/rayt.com\/fr\/wp-json\/wp\/v2\/product"}],"about":[{"href":"https:\/\/rayt.com\/fr\/wp-json\/wp\/v2\/types\/product"}],"replies":[{"embeddable":true,"href":"https:\/\/rayt.com\/fr\/wp-json\/wp\/v2\/comments?post=4018"}],"wp:featuredmedia":[{"embeddable":true,"href":"https:\/\/rayt.com\/fr\/wp-json\/wp\/v2\/media\/2988"}],"wp:attachment":[{"href":"https:\/\/rayt.com\/fr\/wp-json\/wp\/v2\/media?parent=4018"}],"wp:term":[{"taxonomy":"product_cat","embeddable":true,"href":"https:\/\/rayt.com\/fr\/wp-json\/wp\/v2\/product_cat?post=4018"},{"taxonomy":"product_tag","embeddable":true,"href":"https:\/\/rayt.com\/fr\/wp-json\/wp\/v2\/product_tag?post=4018"}],"curies":[{"name":"wp","href":"https:\/\/api.w.org\/{rel}","templated":true}]}}