{"id":4025,"date":"2020-11-02T11:49:14","date_gmt":"2020-12-22T10:46:11","guid":{"rendered":"http:\/\/rayt.com\/?post_type=product&#038;p=4025"},"modified":"2021-02-12T11:28:46","modified_gmt":"2021-02-12T11:28:46","slug":"novopren-60-d","status":"publish","type":"product","link":"https:\/\/rayt.com\/fr\/producto\/novopren-60-d\/","title":{"rendered":"NOVOPREN 60-D"},"content":{"rendered":"<p>ADH\u00c9SIF POLYURETHANE \u00c0 BASE SOLVANT, REACTIVABLE \u00c0 LA CHALEUR.<br \/>\nAdh\u00e9sif appropri\u00e9 pour l&rsquo;encollage par immersion et\/ou pulv\u00e9risation, la liaison peut \u00eatre effectu\u00e9e soit en phase liquide ou pour r\u00e9activation \u00e0 la chaleur apr\u00e8s s\u00e9chage.<\/p>\n<h4>CARACTERISTIQUES<\/h4>\n<p>Permet l&rsquo;encollage en humide ou par r\u00e9activation apr\u00e8s le s\u00e9chage.<br \/>\nPolyur\u00e9thane base adh\u00e9sif.<br \/>\nApplication par immersion.<\/p>\n","protected":false},"excerpt":{"rendered":"<p>ADH\u00c9SIF POLYURETHANE \u00c0 BASE SOLVANT, REACTIVABLE \u00c0 LA CHALEUR. Adh\u00e9sif<\/p>\n","protected":false},"featured_media":2979,"comment_status":"open","ping_status":"closed","template":"","meta":{"_acf_changed":false},"product_cat":[1722,602,948,952],"product_tag":[],"acf":[],"_links":{"self":[{"href":"https:\/\/rayt.com\/fr\/wp-json\/wp\/v2\/product\/4025"}],"collection":[{"href":"https:\/\/rayt.com\/fr\/wp-json\/wp\/v2\/product"}],"about":[{"href":"https:\/\/rayt.com\/fr\/wp-json\/wp\/v2\/types\/product"}],"replies":[{"embeddable":true,"href":"https:\/\/rayt.com\/fr\/wp-json\/wp\/v2\/comments?post=4025"}],"wp:featuredmedia":[{"embeddable":true,"href":"https:\/\/rayt.com\/fr\/wp-json\/wp\/v2\/media\/2979"}],"wp:attachment":[{"href":"https:\/\/rayt.com\/fr\/wp-json\/wp\/v2\/media?parent=4025"}],"wp:term":[{"taxonomy":"product_cat","embeddable":true,"href":"https:\/\/rayt.com\/fr\/wp-json\/wp\/v2\/product_cat?post=4025"},{"taxonomy":"product_tag","embeddable":true,"href":"https:\/\/rayt.com\/fr\/wp-json\/wp\/v2\/product_tag?post=4025"}],"curies":[{"name":"wp","href":"https:\/\/api.w.org\/{rel}","templated":true}]}}