{"id":4028,"date":"2020-11-02T11:52:38","date_gmt":"2020-12-22T10:55:46","guid":{"rendered":"http:\/\/rayt.com\/?post_type=product&#038;p=4028"},"modified":"2021-02-12T11:30:00","modified_gmt":"2021-02-12T11:30:00","slug":"novopren-c-230","status":"publish","type":"product","link":"https:\/\/rayt.com\/fr\/producto\/novopren-c-230\/","title":{"rendered":"NOVOPREN C-230"},"content":{"rendered":"<p>ADH\u00c9SIF SOLVANT\u00c9 \u00c0 BASE DE RESINES SYNTH\u00c9TIQUES.<br \/>\nAdh\u00e9sif appropri\u00e9 pour la fabrication de c\u00e2bles.<\/p>\n<h4>CARACTERISTIQUES<\/h4>\n<p>Adh\u00e9sif pour la fabrication de c\u00e2bles.<\/p>\n","protected":false},"excerpt":{"rendered":"<p>ADH\u00c9SIF SOLVANT\u00c9 \u00c0 BASE DE RESINES SYNTH\u00c9TIQUES. Adh\u00e9sif appropri\u00e9 pour<\/p>\n","protected":false},"featured_media":3314,"comment_status":"open","ping_status":"closed","template":"","meta":{"_acf_changed":false},"product_cat":[1722,602,948,952],"product_tag":[],"acf":[],"_links":{"self":[{"href":"https:\/\/rayt.com\/fr\/wp-json\/wp\/v2\/product\/4028"}],"collection":[{"href":"https:\/\/rayt.com\/fr\/wp-json\/wp\/v2\/product"}],"about":[{"href":"https:\/\/rayt.com\/fr\/wp-json\/wp\/v2\/types\/product"}],"replies":[{"embeddable":true,"href":"https:\/\/rayt.com\/fr\/wp-json\/wp\/v2\/comments?post=4028"}],"wp:featuredmedia":[{"embeddable":true,"href":"https:\/\/rayt.com\/fr\/wp-json\/wp\/v2\/media\/3314"}],"wp:attachment":[{"href":"https:\/\/rayt.com\/fr\/wp-json\/wp\/v2\/media?parent=4028"}],"wp:term":[{"taxonomy":"product_cat","embeddable":true,"href":"https:\/\/rayt.com\/fr\/wp-json\/wp\/v2\/product_cat?post=4028"},{"taxonomy":"product_tag","embeddable":true,"href":"https:\/\/rayt.com\/fr\/wp-json\/wp\/v2\/product_tag?post=4028"}],"curies":[{"name":"wp","href":"https:\/\/api.w.org\/{rel}","templated":true}]}}