{"id":4031,"date":"2020-11-02T11:57:47","date_gmt":"2020-12-22T11:08:14","guid":{"rendered":"http:\/\/rayt.com\/?post_type=product&#038;p=4031"},"modified":"2021-02-12T11:31:16","modified_gmt":"2021-02-12T11:31:16","slug":"novopren-tm-220-bv","status":"publish","type":"product","link":"https:\/\/rayt.com\/fr\/producto\/novopren-tm-220-bv\/","title":{"rendered":"NOVOPREN TM-220-BV"},"content":{"rendered":"<p>ADH\u00c9SIF \u00c0 BASE DE CAOUTCHOUC SYNTHETIQUE SOLVANT\u00c9. FEUILLES PLASTIQUES.<br \/>\nAdh\u00e9sif sp\u00e9cialement adapt\u00e9 \u00e0 tous les types d&#8217;emplois o\u00f9 est n\u00e9cessaire un adh\u00e9sif contact de long temps ouvert et une bonne adh\u00e9rence, en particulier pour encoller ensemble des feuilles de plastique.<\/p>\n<h4>CARACTERISTIQUES<\/h4>\n<p>Adh\u00e9sif de contact de bonnes prestations.<br \/>\nEncollage de feuilles plastiques.<br \/>\nFacilit\u00e9 d&rsquo;application.<br \/>\nTemps ouvert long.<\/p>\n","protected":false},"excerpt":{"rendered":"<p>ADH\u00c9SIF \u00c0 BASE DE CAOUTCHOUC SYNTHETIQUE SOLVANT\u00c9. FEUILLES PLASTIQUES. Adh\u00e9sif<\/p>\n","protected":false},"featured_media":3314,"comment_status":"open","ping_status":"closed","template":"","meta":{"_acf_changed":false},"product_cat":[1722,602,948,952],"product_tag":[],"acf":[],"_links":{"self":[{"href":"https:\/\/rayt.com\/fr\/wp-json\/wp\/v2\/product\/4031"}],"collection":[{"href":"https:\/\/rayt.com\/fr\/wp-json\/wp\/v2\/product"}],"about":[{"href":"https:\/\/rayt.com\/fr\/wp-json\/wp\/v2\/types\/product"}],"replies":[{"embeddable":true,"href":"https:\/\/rayt.com\/fr\/wp-json\/wp\/v2\/comments?post=4031"}],"wp:featuredmedia":[{"embeddable":true,"href":"https:\/\/rayt.com\/fr\/wp-json\/wp\/v2\/media\/3314"}],"wp:attachment":[{"href":"https:\/\/rayt.com\/fr\/wp-json\/wp\/v2\/media?parent=4031"}],"wp:term":[{"taxonomy":"product_cat","embeddable":true,"href":"https:\/\/rayt.com\/fr\/wp-json\/wp\/v2\/product_cat?post=4031"},{"taxonomy":"product_tag","embeddable":true,"href":"https:\/\/rayt.com\/fr\/wp-json\/wp\/v2\/product_tag?post=4031"}],"curies":[{"name":"wp","href":"https:\/\/api.w.org\/{rel}","templated":true}]}}