{"id":4040,"date":"2020-11-02T12:04:01","date_gmt":"2020-12-22T11:17:39","guid":{"rendered":"http:\/\/rayt.com\/?post_type=product&#038;p=4040"},"modified":"2021-02-12T11:37:18","modified_gmt":"2021-02-12T11:37:18","slug":"g-6598-4","status":"publish","type":"product","link":"https:\/\/rayt.com\/fr\/producto\/g-6598-4\/","title":{"rendered":"G-6598\/4"},"content":{"rendered":"<p>HOT-MELT BLANC POUR LA FORMATION DE FILTRES.<br \/>\nAdh\u00e9sif thermofusible sp\u00e9cial pour la fabrication de filtres en papier ou non tiss\u00e9.<\/p>\n<h4>CARACTERISTIQUES<\/h4>\n<p>Pour la fabrication de filtres dans les machines \u00e0 grande vitesse.<br \/>\nViscosit\u00e9 \u00e9lev\u00e9e. Temps ouvert moyen.<br \/>\nTemp\u00e9rature d&rsquo;application: 110-160\u00baC.<br \/>\n\u00c9lev\u00e9e stabilit\u00e9 thermique.<br \/>\nConforme FDA 175.105 pour contact alimentaire indirect.<\/p>\n","protected":false},"excerpt":{"rendered":"<p>HOT-MELT BLANC POUR LA FORMATION DE FILTRES. Adh\u00e9sif thermofusible sp\u00e9cial<\/p>\n","protected":false},"featured_media":4041,"comment_status":"open","ping_status":"closed","template":"","meta":{"_acf_changed":false},"product_cat":[951,602,948],"product_tag":[],"acf":[],"_links":{"self":[{"href":"https:\/\/rayt.com\/fr\/wp-json\/wp\/v2\/product\/4040"}],"collection":[{"href":"https:\/\/rayt.com\/fr\/wp-json\/wp\/v2\/product"}],"about":[{"href":"https:\/\/rayt.com\/fr\/wp-json\/wp\/v2\/types\/product"}],"replies":[{"embeddable":true,"href":"https:\/\/rayt.com\/fr\/wp-json\/wp\/v2\/comments?post=4040"}],"wp:featuredmedia":[{"embeddable":true,"href":"https:\/\/rayt.com\/fr\/wp-json\/wp\/v2\/media\/4041"}],"wp:attachment":[{"href":"https:\/\/rayt.com\/fr\/wp-json\/wp\/v2\/media?parent=4040"}],"wp:term":[{"taxonomy":"product_cat","embeddable":true,"href":"https:\/\/rayt.com\/fr\/wp-json\/wp\/v2\/product_cat?post=4040"},{"taxonomy":"product_tag","embeddable":true,"href":"https:\/\/rayt.com\/fr\/wp-json\/wp\/v2\/product_tag?post=4040"}],"curies":[{"name":"wp","href":"https:\/\/api.w.org\/{rel}","templated":true}]}}