{"id":4094,"date":"2020-11-03T08:40:02","date_gmt":"2020-12-23T07:16:11","guid":{"rendered":"http:\/\/rayt.com\/?post_type=product&#038;p=4094"},"modified":"2021-02-12T11:22:49","modified_gmt":"2021-02-12T11:22:49","slug":"v-8190-t","status":"publish","type":"product","link":"https:\/\/rayt.com\/fr\/producto\/v-8190-t\/","title":{"rendered":"V-8190-T"},"content":{"rendered":"<p>SOLVANT \u00c0 BASE D&rsquo;HYDROCARBURES AROMATIQUES.<br \/>\nParticuli\u00e8rement appropri\u00e9 pour le nettoyage et le d\u00e9graissage des pi\u00e8ces \u00e0 coller, ainsi que pour le nettoyage des outils utilis\u00e9s.<\/p>\n<h4>CARACTERISTIQUES<\/h4>\n<p>Solvant pour le nettoyage et le d\u00e9graissage.<\/p>\n","protected":false},"excerpt":{"rendered":"<p>SOLVANT \u00c0 BASE D&rsquo;HYDROCARBURES AROMATIQUES. Particuli\u00e8rement appropri\u00e9 pour le nettoyage<\/p>\n","protected":false},"featured_media":3987,"comment_status":"open","ping_status":"closed","template":"","meta":{"_acf_changed":false},"product_cat":[602,948,1725,957,942],"product_tag":[],"acf":[],"_links":{"self":[{"href":"https:\/\/rayt.com\/fr\/wp-json\/wp\/v2\/product\/4094"}],"collection":[{"href":"https:\/\/rayt.com\/fr\/wp-json\/wp\/v2\/product"}],"about":[{"href":"https:\/\/rayt.com\/fr\/wp-json\/wp\/v2\/types\/product"}],"replies":[{"embeddable":true,"href":"https:\/\/rayt.com\/fr\/wp-json\/wp\/v2\/comments?post=4094"}],"wp:featuredmedia":[{"embeddable":true,"href":"https:\/\/rayt.com\/fr\/wp-json\/wp\/v2\/media\/3987"}],"wp:attachment":[{"href":"https:\/\/rayt.com\/fr\/wp-json\/wp\/v2\/media?parent=4094"}],"wp:term":[{"taxonomy":"product_cat","embeddable":true,"href":"https:\/\/rayt.com\/fr\/wp-json\/wp\/v2\/product_cat?post=4094"},{"taxonomy":"product_tag","embeddable":true,"href":"https:\/\/rayt.com\/fr\/wp-json\/wp\/v2\/product_tag?post=4094"}],"curies":[{"name":"wp","href":"https:\/\/api.w.org\/{rel}","templated":true}]}}