{"id":4103,"date":"2020-11-03T08:25:39","date_gmt":"2020-12-23T07:45:37","guid":{"rendered":"http:\/\/rayt.com\/?post_type=product&#038;p=4103"},"modified":"2023-04-25T14:37:35","modified_gmt":"2023-04-25T14:37:35","slug":"v-7732-r","status":"publish","type":"product","link":"https:\/\/rayt.com\/fr\/producto\/v-7732-r\/","title":{"rendered":"V-7732-R"},"content":{"rendered":"<p>DURCISSEUR POUR DES ADH\u00c9SIFS POLYUR\u00c9THANE BICOMPOSANTS.<br \/>\nDurcisseur (composant B) pour les adh\u00e9sifs de polyur\u00e9thane bicomposants.<\/p>\n<h4>CARACTERISTIQUES<\/h4>\n<p>Composant B des colles polyur\u00e9thanes bicomposants.<br \/>\nDurcisseur isocyanate.<br \/>\nIncorporation facile.<\/p>\n<p>&nbsp;<\/p>\n<p><strong>Pour une utilisation s\u00fbre des mousses contenant des diisocyanates, nous proposons \u00e0 nos utilisateurs une formation \u00e0 la s\u00e9curit\u00e9, obligatoire pour les utilisateurs professionnels et industriels.<\/strong><\/p>\n<p><a class=\"fasc-button fasc-size-large fasc-type-flat fasc-style-bold\" style=\"background-color: #ff010b; color: #ffffff;\" target=\"_blank\" rel=\"noopener noreferrer\" href=\"https:\/\/isopa-aisbl.idloom.events\/048-fr\">Nous offrons une formation en ligne gratuite, ainsi qu&rsquo;un certificat de fin d&rsquo;\u00e9tudes, avec le code suivant : FEICA_21_N3<\/a><\/p>\n","protected":false},"excerpt":{"rendered":"<p>DURCISSEUR POUR DES ADH\u00c9SIFS POLYUR\u00c9THANE BICOMPOSANTS. Durcisseur (composant B) pour<\/p>\n","protected":false},"featured_media":3987,"comment_status":"open","ping_status":"closed","template":"","meta":{"_acf_changed":false},"product_cat":[1730,602,948,957,939],"product_tag":[],"acf":[],"_links":{"self":[{"href":"https:\/\/rayt.com\/fr\/wp-json\/wp\/v2\/product\/4103"}],"collection":[{"href":"https:\/\/rayt.com\/fr\/wp-json\/wp\/v2\/product"}],"about":[{"href":"https:\/\/rayt.com\/fr\/wp-json\/wp\/v2\/types\/product"}],"replies":[{"embeddable":true,"href":"https:\/\/rayt.com\/fr\/wp-json\/wp\/v2\/comments?post=4103"}],"wp:featuredmedia":[{"embeddable":true,"href":"https:\/\/rayt.com\/fr\/wp-json\/wp\/v2\/media\/3987"}],"wp:attachment":[{"href":"https:\/\/rayt.com\/fr\/wp-json\/wp\/v2\/media?parent=4103"}],"wp:term":[{"taxonomy":"product_cat","embeddable":true,"href":"https:\/\/rayt.com\/fr\/wp-json\/wp\/v2\/product_cat?post=4103"},{"taxonomy":"product_tag","embeddable":true,"href":"https:\/\/rayt.com\/fr\/wp-json\/wp\/v2\/product_tag?post=4103"}],"curies":[{"name":"wp","href":"https:\/\/api.w.org\/{rel}","templated":true}]}}