{"id":4108,"date":"2020-11-03T08:29:39","date_gmt":"2020-12-23T07:53:33","guid":{"rendered":"http:\/\/rayt.com\/?post_type=product&#038;p=4108"},"modified":"2023-04-25T14:18:05","modified_gmt":"2023-04-25T14:18:05","slug":"v-7107","status":"publish","type":"product","link":"https:\/\/rayt.com\/fr\/producto\/v-7107\/","title":{"rendered":"V-7107"},"content":{"rendered":"<p>VULCANISATEUR \u00c0 FROID.<br \/>\nAgent de r\u00e9ticulation \u00e0 base d&rsquo;iso cyanate pour des adh\u00e9sifs \u00e0 base de polychloropr\u00e8ne, de caoutchouc naturel, de polyur\u00e9thane, etc.<\/p>\n<h4>CARACTERISTIQUES<\/h4>\n<p>Catalyst &#8211; durcisseur pour les adh\u00e9sifs de contact.<br \/>\nVuscanisateur \u00e0 froid.<br \/>\nDurcisseur isocyanate.<br \/>\nIncorporation facile.<\/p>\n<p>&nbsp;<\/p>\n<p><strong>Pour une utilisation s\u00fbre des mousses contenant des diisocyanates, nous proposons \u00e0 nos utilisateurs une formation \u00e0 la s\u00e9curit\u00e9, obligatoire pour les utilisateurs professionnels et industriels.<\/strong><\/p>\n<p><a class=\"fasc-button fasc-size-large fasc-type-flat fasc-style-bold\" style=\"background-color: #ff010b; color: #ffffff;\" target=\"_blank\" rel=\"noopener noreferrer\" href=\"https:\/\/isopa-aisbl.idloom.events\/048-fr\">Nous offrons une formation en ligne gratuite, ainsi qu&rsquo;un certificat de fin d&rsquo;\u00e9tudes, avec le code suivant : FEICA_21_N3<\/a><\/p>\n","protected":false},"excerpt":{"rendered":"<p>VULCANISATEUR \u00c0 FROID. Agent de r\u00e9ticulation \u00e0 base d&rsquo;iso cyanate<\/p>\n","protected":false},"featured_media":8281,"comment_status":"open","ping_status":"closed","template":"","meta":{"_acf_changed":false},"product_cat":[602,948,957,1731,939],"product_tag":[],"acf":[],"_links":{"self":[{"href":"https:\/\/rayt.com\/fr\/wp-json\/wp\/v2\/product\/4108"}],"collection":[{"href":"https:\/\/rayt.com\/fr\/wp-json\/wp\/v2\/product"}],"about":[{"href":"https:\/\/rayt.com\/fr\/wp-json\/wp\/v2\/types\/product"}],"replies":[{"embeddable":true,"href":"https:\/\/rayt.com\/fr\/wp-json\/wp\/v2\/comments?post=4108"}],"wp:featuredmedia":[{"embeddable":true,"href":"https:\/\/rayt.com\/fr\/wp-json\/wp\/v2\/media\/8281"}],"wp:attachment":[{"href":"https:\/\/rayt.com\/fr\/wp-json\/wp\/v2\/media?parent=4108"}],"wp:term":[{"taxonomy":"product_cat","embeddable":true,"href":"https:\/\/rayt.com\/fr\/wp-json\/wp\/v2\/product_cat?post=4108"},{"taxonomy":"product_tag","embeddable":true,"href":"https:\/\/rayt.com\/fr\/wp-json\/wp\/v2\/product_tag?post=4108"}],"curies":[{"name":"wp","href":"https:\/\/api.w.org\/{rel}","templated":true}]}}