{"id":4132,"date":"2020-11-11T11:12:18","date_gmt":"2020-12-23T08:03:48","guid":{"rendered":"http:\/\/rayt.com\/?post_type=product&#038;p=4132"},"modified":"2021-02-12T10:20:17","modified_gmt":"2021-02-12T10:20:17","slug":"g-6593-n-pillow","status":"publish","type":"product","link":"https:\/\/rayt.com\/fr\/producto\/g-6593-n-pillow\/","title":{"rendered":"G-6593-N PILLOW"},"content":{"rendered":"<p>ADH\u00c9SIF THERMOFUSIBLE POUR COLLAGE TEMPORAIRE AMOVIBLE.<br \/>\nAdh\u00e9sif thermofusible sp\u00e9ciale pour la fixation temporaire de tous types de mat\u00e9riaux: cartes ou cartes d&rsquo;identit\u00e9 en mailings, \u00e9tiquettes, emballages &#8230; Pour retirer la pi\u00e8ce jointe sans d\u00e9chirer les mat\u00e9riaux. Il est n\u00e9cessaire d&rsquo;effectuer des tests.<\/p>\n<h4>CARACTERISTIQUES<\/h4>\n<p>Fixation temporaire de divers mat\u00e9riaux.<br \/>\nTemp\u00e9rature d&rsquo;application: 150-170\u00baC.<br \/>\nSe d\u00e9tache facilement.<br \/>\nConforme FDA 175.105 pour contact alimentaire indirect.<\/p>\n","protected":false},"excerpt":{"rendered":"<p>ADH\u00c9SIF THERMOFUSIBLE POUR COLLAGE TEMPORAIRE AMOVIBLE. Adh\u00e9sif thermofusible sp\u00e9ciale pour<\/p>\n","protected":false},"featured_media":2746,"comment_status":"open","ping_status":"closed","template":"","meta":{"_acf_changed":false},"product_cat":[629,599,1368,602,626],"product_tag":[],"acf":[],"_links":{"self":[{"href":"https:\/\/rayt.com\/fr\/wp-json\/wp\/v2\/product\/4132"}],"collection":[{"href":"https:\/\/rayt.com\/fr\/wp-json\/wp\/v2\/product"}],"about":[{"href":"https:\/\/rayt.com\/fr\/wp-json\/wp\/v2\/types\/product"}],"replies":[{"embeddable":true,"href":"https:\/\/rayt.com\/fr\/wp-json\/wp\/v2\/comments?post=4132"}],"wp:featuredmedia":[{"embeddable":true,"href":"https:\/\/rayt.com\/fr\/wp-json\/wp\/v2\/media\/2746"}],"wp:attachment":[{"href":"https:\/\/rayt.com\/fr\/wp-json\/wp\/v2\/media?parent=4132"}],"wp:term":[{"taxonomy":"product_cat","embeddable":true,"href":"https:\/\/rayt.com\/fr\/wp-json\/wp\/v2\/product_cat?post=4132"},{"taxonomy":"product_tag","embeddable":true,"href":"https:\/\/rayt.com\/fr\/wp-json\/wp\/v2\/product_tag?post=4132"}],"curies":[{"name":"wp","href":"https:\/\/api.w.org\/{rel}","templated":true}]}}