{"id":4149,"date":"2020-11-06T11:51:01","date_gmt":"2020-12-23T08:14:22","guid":{"rendered":"http:\/\/rayt.com\/?post_type=product&#038;p=4149"},"modified":"2021-02-12T09:51:30","modified_gmt":"2021-02-12T09:51:30","slug":"g-1025-te-1","status":"publish","type":"product","link":"https:\/\/rayt.com\/fr\/producto\/g-1025-te-1\/","title":{"rendered":"G-1025-TE\/1"},"content":{"rendered":"<p>COLLE AQUEUSE SYNTH\u00c9TIQUE POUR LES REV\u00caTEMENTS TERMOSOLDABLES. STANDARD.<br \/>\nAdh\u00e9sif en base d&rsquo;eau qui peut coller sur lui-m\u00eame une fois la colle s\u00e9ch\u00e9e en \u00eatre r\u00e9activ\u00e9 par l&rsquo;application de la temp\u00e9rature.<\/p>\n<h4>CARACTERISTIQUES<\/h4>\n<p>Possibilit\u00e9 d&rsquo;application par h\u00e9liogravure.<br \/>\nExcellente stabilit\u00e9 dans la machine.<br \/>\nBasse temp\u00e9rature de soudure \u00e0 chaud.<br \/>\nSans blocage.<br \/>\nConforme FDA 175.105 pour contact alimentaire indirect.<\/p>\n","protected":false},"excerpt":{"rendered":"<p>COLLE AQUEUSE SYNTH\u00c9TIQUE POUR LES REV\u00caTEMENTS TERMOSOLDABLES. STANDARD. Adh\u00e9sif en<\/p>\n","protected":false},"featured_media":2996,"comment_status":"open","ping_status":"closed","template":"","meta":{"_acf_changed":false},"product_cat":[638,599,1563,602,626],"product_tag":[],"acf":[],"_links":{"self":[{"href":"https:\/\/rayt.com\/fr\/wp-json\/wp\/v2\/product\/4149"}],"collection":[{"href":"https:\/\/rayt.com\/fr\/wp-json\/wp\/v2\/product"}],"about":[{"href":"https:\/\/rayt.com\/fr\/wp-json\/wp\/v2\/types\/product"}],"replies":[{"embeddable":true,"href":"https:\/\/rayt.com\/fr\/wp-json\/wp\/v2\/comments?post=4149"}],"wp:featuredmedia":[{"embeddable":true,"href":"https:\/\/rayt.com\/fr\/wp-json\/wp\/v2\/media\/2996"}],"wp:attachment":[{"href":"https:\/\/rayt.com\/fr\/wp-json\/wp\/v2\/media?parent=4149"}],"wp:term":[{"taxonomy":"product_cat","embeddable":true,"href":"https:\/\/rayt.com\/fr\/wp-json\/wp\/v2\/product_cat?post=4149"},{"taxonomy":"product_tag","embeddable":true,"href":"https:\/\/rayt.com\/fr\/wp-json\/wp\/v2\/product_tag?post=4149"}],"curies":[{"name":"wp","href":"https:\/\/api.w.org\/{rel}","templated":true}]}}