{"id":4166,"date":"2020-11-06T11:42:50","date_gmt":"2020-12-23T08:30:16","guid":{"rendered":"http:\/\/rayt.com\/?post_type=product&#038;p=4166"},"modified":"2021-02-12T09:55:08","modified_gmt":"2021-02-12T09:55:08","slug":"novopren-n","status":"publish","type":"product","link":"https:\/\/rayt.com\/fr\/producto\/novopren-n\/","title":{"rendered":"NOVOPREN N"},"content":{"rendered":"<p>COADH\u00c9SIF EN DISPERSION AQUEUSE \u00c0 BASE DE LATEX NATUREL.<br \/>\nAdh\u00e9sif qui produit une forte et r\u00e9siliente union quand press\u00e9 contre lui m\u00eame. Convient pour le collage de diff\u00e9rents types de papier (opaline, cellulose, etc)<\/p>\n<h4>CARACTERISTIQUES<\/h4>\n<p>\u00c9viter tout contact avec le cuivre et ses alliages (bronze, laiton, etc.)<br \/>\nLes papiers coll\u00e9s doivent \u00eatre prot\u00e9g\u00e9s de la lumi\u00e8re du soleil.<br \/>\nAppropri\u00e9 pour le papier opaline, la cellulose, etc.<br \/>\nApplicable par rouleau ou h\u00e9liogravure.<br \/>\nBase de caoutchouc naturel.<br \/>\nPas de blocking.<br \/>\nConforme FDA 175.105 pour contact alimentaire indirect.<\/p>\n","protected":false},"excerpt":{"rendered":"<p>COADH\u00c9SIF EN DISPERSION AQUEUSE \u00c0 BASE DE LATEX NATUREL. Adh\u00e9sif<\/p>\n","protected":false},"featured_media":4022,"comment_status":"open","ping_status":"closed","template":"","meta":{"_acf_changed":false},"product_cat":[599,1389,602,635,626],"product_tag":[],"acf":[],"_links":{"self":[{"href":"https:\/\/rayt.com\/fr\/wp-json\/wp\/v2\/product\/4166"}],"collection":[{"href":"https:\/\/rayt.com\/fr\/wp-json\/wp\/v2\/product"}],"about":[{"href":"https:\/\/rayt.com\/fr\/wp-json\/wp\/v2\/types\/product"}],"replies":[{"embeddable":true,"href":"https:\/\/rayt.com\/fr\/wp-json\/wp\/v2\/comments?post=4166"}],"wp:featuredmedia":[{"embeddable":true,"href":"https:\/\/rayt.com\/fr\/wp-json\/wp\/v2\/media\/4022"}],"wp:attachment":[{"href":"https:\/\/rayt.com\/fr\/wp-json\/wp\/v2\/media?parent=4166"}],"wp:term":[{"taxonomy":"product_cat","embeddable":true,"href":"https:\/\/rayt.com\/fr\/wp-json\/wp\/v2\/product_cat?post=4166"},{"taxonomy":"product_tag","embeddable":true,"href":"https:\/\/rayt.com\/fr\/wp-json\/wp\/v2\/product_tag?post=4166"}],"curies":[{"name":"wp","href":"https:\/\/api.w.org\/{rel}","templated":true}]}}