{"id":4170,"date":"2020-11-06T11:43:32","date_gmt":"2020-12-23T08:37:32","guid":{"rendered":"http:\/\/rayt.com\/?post_type=product&#038;p=4170"},"modified":"2021-02-12T09:56:53","modified_gmt":"2021-02-12T09:56:53","slug":"novopren-142-ln","status":"publish","type":"product","link":"https:\/\/rayt.com\/fr\/producto\/novopren-142-ln\/","title":{"rendered":"NOVOPREN 142 LN"},"content":{"rendered":"<p>COADH\u00c9SIF EN DISPERSION AQUEUSE \u00c0 BASE DE LATEX NATUREL MODIFI\u00c9.<br \/>\nAdh\u00e9sif qui produit une forte et r\u00e9siliente union quand press\u00e9 contre lui m\u00eame. Convient pour le collage de diff\u00e9rents types de papiers, en particulier ceux qui sont peu poreux, ainsi que des films de polypropyl\u00e8ne pr\u00e9trait\u00e9es.<\/p>\n<h4>CARACTERISTIQUES<\/h4>\n<p>\u00c9viter tout contact avec le cuivre et ses alliages (bronze, laiton, etc.)<br \/>\nLes papiers coll\u00e9s doivent \u00eatre prot\u00e9g\u00e9s de la lumi\u00e8re du soleil.<br \/>\nAppropri\u00e9 pour des papiers non poreux ou le polypropyl\u00e8ne trait\u00e9.<br \/>\nConforme FDA 175.105 pour contact alimentaire indirect.<br \/>\nApplicable par rouleau ou h\u00e9liogravure.<br \/>\nBase de caoutchouc naturel.<br \/>\nPas de blocking.<\/p>\n","protected":false},"excerpt":{"rendered":"<p>COADH\u00c9SIF EN DISPERSION AQUEUSE \u00c0 BASE DE LATEX NATUREL MODIFI\u00c9.<\/p>\n","protected":false},"featured_media":2996,"comment_status":"open","ping_status":"closed","template":"","meta":{"_acf_changed":false},"product_cat":[599,1389,602,635,626],"product_tag":[],"acf":[],"_links":{"self":[{"href":"https:\/\/rayt.com\/fr\/wp-json\/wp\/v2\/product\/4170"}],"collection":[{"href":"https:\/\/rayt.com\/fr\/wp-json\/wp\/v2\/product"}],"about":[{"href":"https:\/\/rayt.com\/fr\/wp-json\/wp\/v2\/types\/product"}],"replies":[{"embeddable":true,"href":"https:\/\/rayt.com\/fr\/wp-json\/wp\/v2\/comments?post=4170"}],"wp:featuredmedia":[{"embeddable":true,"href":"https:\/\/rayt.com\/fr\/wp-json\/wp\/v2\/media\/2996"}],"wp:attachment":[{"href":"https:\/\/rayt.com\/fr\/wp-json\/wp\/v2\/media?parent=4170"}],"wp:term":[{"taxonomy":"product_cat","embeddable":true,"href":"https:\/\/rayt.com\/fr\/wp-json\/wp\/v2\/product_cat?post=4170"},{"taxonomy":"product_tag","embeddable":true,"href":"https:\/\/rayt.com\/fr\/wp-json\/wp\/v2\/product_tag?post=4170"}],"curies":[{"name":"wp","href":"https:\/\/api.w.org\/{rel}","templated":true}]}}