{"id":4300,"date":"2020-11-06T11:45:22","date_gmt":"2020-12-23T17:25:28","guid":{"rendered":"http:\/\/rayt.com\/?post_type=product&#038;p=4300"},"modified":"2021-02-12T10:00:28","modified_gmt":"2021-02-12T10:00:28","slug":"novopren-n-av","status":"publish","type":"product","link":"https:\/\/rayt.com\/fr\/producto\/novopren-n-av\/","title":{"rendered":"NOVOPREN N\/AV"},"content":{"rendered":"<p>ADH\u00c9SIF EN DISPERSION AQUEUSE POUR LE COLLAGE PAR DE CONTACT DU PAPIER ET FILM POLYPROPYLENE.<br \/>\nAdh\u00e9sif aqueux en base de r\u00e9sines synth\u00e9tiques et naturelles en dispersion, qu&rsquo;une fois appliqu\u00e9 et sec adh\u00e8re \u00e0 lui-m\u00eame.<\/p>\n<h4>CARACTERISTIQUES<\/h4>\n<p>\u00c9viter tout contact avec le cuivre et ses alliages (bronze, laiton, etc.)<br \/>\nLes papiers coll\u00e9s doivent \u00eatre prot\u00e9g\u00e9s de la lumi\u00e8re du soleil.<br \/>\nAppropri\u00e9 pour le papier opaline, la cellulose, etc.<br \/>\nApplication manuel ou demi-manuel.<br \/>\nBase de caoutchouc naturel.<br \/>\nPas de blocking.<br \/>\nConforme FDA 175.105 pour contact alimentaire indirect.<\/p>\n","protected":false},"excerpt":{"rendered":"<p>ADH\u00c9SIF EN DISPERSION AQUEUSE POUR LE COLLAGE PAR DE CONTACT<\/p>\n","protected":false},"featured_media":2988,"comment_status":"open","ping_status":"closed","template":"","meta":{"_acf_changed":false},"product_cat":[599,1389,602,635,626],"product_tag":[],"acf":[],"_links":{"self":[{"href":"https:\/\/rayt.com\/fr\/wp-json\/wp\/v2\/product\/4300"}],"collection":[{"href":"https:\/\/rayt.com\/fr\/wp-json\/wp\/v2\/product"}],"about":[{"href":"https:\/\/rayt.com\/fr\/wp-json\/wp\/v2\/types\/product"}],"replies":[{"embeddable":true,"href":"https:\/\/rayt.com\/fr\/wp-json\/wp\/v2\/comments?post=4300"}],"wp:featuredmedia":[{"embeddable":true,"href":"https:\/\/rayt.com\/fr\/wp-json\/wp\/v2\/media\/2988"}],"wp:attachment":[{"href":"https:\/\/rayt.com\/fr\/wp-json\/wp\/v2\/media?parent=4300"}],"wp:term":[{"taxonomy":"product_cat","embeddable":true,"href":"https:\/\/rayt.com\/fr\/wp-json\/wp\/v2\/product_cat?post=4300"},{"taxonomy":"product_tag","embeddable":true,"href":"https:\/\/rayt.com\/fr\/wp-json\/wp\/v2\/product_tag?post=4300"}],"curies":[{"name":"wp","href":"https:\/\/api.w.org\/{rel}","templated":true}]}}