{"id":4303,"date":"2020-11-06T11:19:21","date_gmt":"2020-12-23T17:44:12","guid":{"rendered":"http:\/\/rayt.com\/?post_type=product&#038;p=4303"},"modified":"2021-02-12T10:05:29","modified_gmt":"2021-02-12T10:05:29","slug":"g-1091-a","status":"publish","type":"product","link":"https:\/\/rayt.com\/fr\/producto\/g-1091-a\/","title":{"rendered":"G-1091-A"},"content":{"rendered":"<p>ADH\u00c9SIF AUTOCOLLANT EN DISPERSION AQUEUSE. FORTEMENT AUTOADH\u00c9SIF.<br \/>\nColle en dispersion ayant des propri\u00e9t\u00e9s autoadh\u00e9sives \u00e0 utiliser dans tous les manipulations de papier et de carton.<br \/>\nUne fois s\u00e9ch\u00e9, le film a un collant permanent.<\/p>\n<h4>CARACTERISTIQUES<\/h4>\n<p>Adh\u00e9sif de haute coh\u00e9sion et de haute adh\u00e9rence en sec.<br \/>\nHaute adh\u00e9rence \u00e0 des substrats difficiles.<br \/>\nApplication avec rouleau ou manuel.<br \/>\nConforme FDA 175.105 pour contact alimentaire indirect.<\/p>\n","protected":false},"excerpt":{"rendered":"<p>ADH\u00c9SIF AUTOCOLLANT EN DISPERSION AQUEUSE. FORTEMENT AUTOADH\u00c9SIF. Colle en dispersion<\/p>\n","protected":false},"featured_media":2996,"comment_status":"open","ping_status":"closed","template":"","meta":{"_acf_changed":false},"product_cat":[599,632,1377,602,626],"product_tag":[],"acf":[],"_links":{"self":[{"href":"https:\/\/rayt.com\/fr\/wp-json\/wp\/v2\/product\/4303"}],"collection":[{"href":"https:\/\/rayt.com\/fr\/wp-json\/wp\/v2\/product"}],"about":[{"href":"https:\/\/rayt.com\/fr\/wp-json\/wp\/v2\/types\/product"}],"replies":[{"embeddable":true,"href":"https:\/\/rayt.com\/fr\/wp-json\/wp\/v2\/comments?post=4303"}],"wp:featuredmedia":[{"embeddable":true,"href":"https:\/\/rayt.com\/fr\/wp-json\/wp\/v2\/media\/2996"}],"wp:attachment":[{"href":"https:\/\/rayt.com\/fr\/wp-json\/wp\/v2\/media?parent=4303"}],"wp:term":[{"taxonomy":"product_cat","embeddable":true,"href":"https:\/\/rayt.com\/fr\/wp-json\/wp\/v2\/product_cat?post=4303"},{"taxonomy":"product_tag","embeddable":true,"href":"https:\/\/rayt.com\/fr\/wp-json\/wp\/v2\/product_tag?post=4303"}],"curies":[{"name":"wp","href":"https:\/\/api.w.org\/{rel}","templated":true}]}}