{"id":4307,"date":"2020-11-06T11:20:14","date_gmt":"2020-12-23T18:14:27","guid":{"rendered":"http:\/\/rayt.com\/?post_type=product&#038;p=4307"},"modified":"2021-02-12T10:07:00","modified_gmt":"2021-02-12T10:07:00","slug":"g-12-a","status":"publish","type":"product","link":"https:\/\/rayt.com\/fr\/producto\/g-12-a\/","title":{"rendered":"G-12-A"},"content":{"rendered":"<p>AUTOADH\u00c9SIF EN DISPERSION AQUEUSE POUR LA MANIPULATION DE PAPIER ET CARTON.<br \/>\nAutoadh\u00e9sif con\u00e7u pour la manipulation de papier et carton, collages difficiles en g\u00e9n\u00e9ral (p.ex. poly\u00e9thyl\u00e8ne) et pour le rev\u00eatement des articles qu&rsquo;on veut les faire autocollants.<\/p>\n<h4>CARACTERISTIQUES<\/h4>\n<p>Adh\u00e9sif de haute coh\u00e9sion et de haute adh\u00e9rence en sec.<br \/>\nHaute adh\u00e9rence \u00e0 des substrats difficiles.<br \/>\nApplication avec rouleau ou manuel.<br \/>\nConforme FDA 175.105 pour contact alimentaire indirect.<\/p>\n","protected":false},"excerpt":{"rendered":"<p>AUTOADH\u00c9SIF EN DISPERSION AQUEUSE POUR LA MANIPULATION DE PAPIER ET<\/p>\n","protected":false},"featured_media":2996,"comment_status":"open","ping_status":"closed","template":"","meta":{"_acf_changed":false},"product_cat":[599,632,1377,602,626],"product_tag":[],"acf":[],"_links":{"self":[{"href":"https:\/\/rayt.com\/fr\/wp-json\/wp\/v2\/product\/4307"}],"collection":[{"href":"https:\/\/rayt.com\/fr\/wp-json\/wp\/v2\/product"}],"about":[{"href":"https:\/\/rayt.com\/fr\/wp-json\/wp\/v2\/types\/product"}],"replies":[{"embeddable":true,"href":"https:\/\/rayt.com\/fr\/wp-json\/wp\/v2\/comments?post=4307"}],"wp:featuredmedia":[{"embeddable":true,"href":"https:\/\/rayt.com\/fr\/wp-json\/wp\/v2\/media\/2996"}],"wp:attachment":[{"href":"https:\/\/rayt.com\/fr\/wp-json\/wp\/v2\/media?parent=4307"}],"wp:term":[{"taxonomy":"product_cat","embeddable":true,"href":"https:\/\/rayt.com\/fr\/wp-json\/wp\/v2\/product_cat?post=4307"},{"taxonomy":"product_tag","embeddable":true,"href":"https:\/\/rayt.com\/fr\/wp-json\/wp\/v2\/product_tag?post=4307"}],"curies":[{"name":"wp","href":"https:\/\/api.w.org\/{rel}","templated":true}]}}