{"id":4310,"date":"2020-11-06T09:45:35","date_gmt":"2020-12-23T18:47:58","guid":{"rendered":"http:\/\/rayt.com\/?post_type=product&#038;p=4310"},"modified":"2021-02-12T10:25:12","modified_gmt":"2021-02-12T10:25:12","slug":"g-6227","status":"publish","type":"product","link":"https:\/\/rayt.com\/fr\/producto\/g-6227\/","title":{"rendered":"G-6227"},"content":{"rendered":"<p>ADH\u00c9SIF THERMOFUSIBLE EN BLOCS POUR APPLICATIONS SP\u00c9CIALES.<br \/>\nAdh\u00e9sif sensible \u00e0 la pression avec une grande adh\u00e9sion et adh\u00e9rence permanente pour de nombreuses applications: Sanitaires, assemblage des mati\u00e8res plastiques, \u00e9tiquettes autocollants \u0085<\/p>\n<h4>CARACTERISTIQUES<\/h4>\n<p>Production de mat\u00e9riaux auto-adh\u00e9sifs tels que le papier, la mousse, les \u00e9tiquettes, etc.<br \/>\nEst caract\u00e9ris\u00e9 par sa faible viscosit\u00e9 et vitesse de fusion.<br \/>\nApplicable \u00e0 rouleau ou \u00e0 injecteurs.<br \/>\nTemp\u00e9rature d&rsquo;application: 150-170\u00baC.<br \/>\nUnion provisionnel de mat\u00e9riaux.<br \/>\nConforme FDA 175.105 pour contact alimentaire indirect.<\/p>\n","protected":false},"excerpt":{"rendered":"<p>ADH\u00c9SIF THERMOFUSIBLE EN BLOCS POUR APPLICATIONS SP\u00c9CIALES. Adh\u00e9sif sensible \u00e0<\/p>\n","protected":false},"featured_media":3020,"comment_status":"open","ping_status":"closed","template":"","meta":{"_acf_changed":false},"product_cat":[599,632,647,641,1030,1366,1371,1566,602,644,620,626],"product_tag":[],"acf":[],"_links":{"self":[{"href":"https:\/\/rayt.com\/fr\/wp-json\/wp\/v2\/product\/4310"}],"collection":[{"href":"https:\/\/rayt.com\/fr\/wp-json\/wp\/v2\/product"}],"about":[{"href":"https:\/\/rayt.com\/fr\/wp-json\/wp\/v2\/types\/product"}],"replies":[{"embeddable":true,"href":"https:\/\/rayt.com\/fr\/wp-json\/wp\/v2\/comments?post=4310"}],"wp:featuredmedia":[{"embeddable":true,"href":"https:\/\/rayt.com\/fr\/wp-json\/wp\/v2\/media\/3020"}],"wp:attachment":[{"href":"https:\/\/rayt.com\/fr\/wp-json\/wp\/v2\/media?parent=4310"}],"wp:term":[{"taxonomy":"product_cat","embeddable":true,"href":"https:\/\/rayt.com\/fr\/wp-json\/wp\/v2\/product_cat?post=4310"},{"taxonomy":"product_tag","embeddable":true,"href":"https:\/\/rayt.com\/fr\/wp-json\/wp\/v2\/product_tag?post=4310"}],"curies":[{"name":"wp","href":"https:\/\/api.w.org\/{rel}","templated":true}]}}