{"id":4314,"date":"2020-11-06T09:51:22","date_gmt":"2020-12-23T19:02:27","guid":{"rendered":"http:\/\/rayt.com\/?post_type=product&#038;p=4314"},"modified":"2021-02-12T10:10:10","modified_gmt":"2021-02-12T10:10:10","slug":"g-6415","status":"publish","type":"product","link":"https:\/\/rayt.com\/fr\/producto\/g-6415\/","title":{"rendered":"G-6415"},"content":{"rendered":"<p>ADH\u00c9SIF THERMOFUSIBLE EN BLOCS.<br \/>\nAdh\u00e9sif thermofusible appropri\u00e9 pour la fabrication de certains types de mat\u00e9riaux autocollants tels que des profil\u00e9s, mousse, etc<\/p>\n<h4>CARACTERISTIQUES<\/h4>\n<p>Appliquer \u00e0 rouleau ou injecteurs, dans ce dernier cas il faut s&rsquo;assurer que les caract\u00e9ristiques de l&rsquo;\u00e9quipement vous permettent d&rsquo;appliquer un produit de haute viscosit\u00e9.<br \/>\nProduction de mat\u00e9riaux auto-adh\u00e9sifs tels que les profils, les mousses, feutres, etc.<br \/>\nConforme FDA 175.105 pour contact alimentaire indirect.<br \/>\nTemp\u00e9rature d&rsquo;application: 160-180\u00baC.<\/p>\n","protected":false},"excerpt":{"rendered":"<p>ADH\u00c9SIF THERMOFUSIBLE EN BLOCS. Adh\u00e9sif thermofusible appropri\u00e9 pour la fabrication<\/p>\n","protected":false},"featured_media":3020,"comment_status":"open","ping_status":"closed","template":"","meta":{"_acf_changed":false},"product_cat":[599,632,647,641,1371,1566,602,644,626],"product_tag":[],"acf":[],"_links":{"self":[{"href":"https:\/\/rayt.com\/fr\/wp-json\/wp\/v2\/product\/4314"}],"collection":[{"href":"https:\/\/rayt.com\/fr\/wp-json\/wp\/v2\/product"}],"about":[{"href":"https:\/\/rayt.com\/fr\/wp-json\/wp\/v2\/types\/product"}],"replies":[{"embeddable":true,"href":"https:\/\/rayt.com\/fr\/wp-json\/wp\/v2\/comments?post=4314"}],"wp:featuredmedia":[{"embeddable":true,"href":"https:\/\/rayt.com\/fr\/wp-json\/wp\/v2\/media\/3020"}],"wp:attachment":[{"href":"https:\/\/rayt.com\/fr\/wp-json\/wp\/v2\/media?parent=4314"}],"wp:term":[{"taxonomy":"product_cat","embeddable":true,"href":"https:\/\/rayt.com\/fr\/wp-json\/wp\/v2\/product_cat?post=4314"},{"taxonomy":"product_tag","embeddable":true,"href":"https:\/\/rayt.com\/fr\/wp-json\/wp\/v2\/product_tag?post=4314"}],"curies":[{"name":"wp","href":"https:\/\/api.w.org\/{rel}","templated":true}]}}