{"id":4317,"date":"2020-11-06T11:34:51","date_gmt":"2020-12-23T19:16:54","guid":{"rendered":"http:\/\/rayt.com\/?post_type=product&#038;p=4317"},"modified":"2021-02-12T10:16:28","modified_gmt":"2021-02-12T10:16:28","slug":"g-6823","status":"publish","type":"product","link":"https:\/\/rayt.com\/fr\/producto\/g-6823\/","title":{"rendered":"G-6823"},"content":{"rendered":"<p>ADH\u00c9SIF THERMOFUSIBLE EN BLOCS POUR APPLICATIONS SP\u00c9CIALES.<br \/>\nAdh\u00e9sif thermofusible pour des applications sp\u00e9ciales.<\/p>\n<h4>CARACTERISTIQUES<\/h4>\n<p>Autoadh\u00e9sivation des diff\u00e9rents mat\u00e9riaux (profil\u00e9s, mousses, feutres, etc.)<br \/>\nApplicable par des syst\u00e8mes conventionnelles: rouleau, l\u00e8vres, etc.<br \/>\nTemp\u00e9rature d&rsquo;application: 150-175\u00baC.<br \/>\nExcellente stabilit\u00e9 thermique.<br \/>\nBaisse viscosit\u00e9.<br \/>\nConforme FDA 175.105 pour contact alimentaire indirect.<\/p>\n","protected":false},"excerpt":{"rendered":"<p>ADH\u00c9SIF THERMOFUSIBLE EN BLOCS POUR APPLICATIONS SP\u00c9CIALES. Adh\u00e9sif thermofusible pour<\/p>\n","protected":false},"featured_media":2737,"comment_status":"open","ping_status":"closed","template":"","meta":{"_acf_changed":false},"product_cat":[599,632,1371,602,626],"product_tag":[],"acf":[],"_links":{"self":[{"href":"https:\/\/rayt.com\/fr\/wp-json\/wp\/v2\/product\/4317"}],"collection":[{"href":"https:\/\/rayt.com\/fr\/wp-json\/wp\/v2\/product"}],"about":[{"href":"https:\/\/rayt.com\/fr\/wp-json\/wp\/v2\/types\/product"}],"replies":[{"embeddable":true,"href":"https:\/\/rayt.com\/fr\/wp-json\/wp\/v2\/comments?post=4317"}],"wp:featuredmedia":[{"embeddable":true,"href":"https:\/\/rayt.com\/fr\/wp-json\/wp\/v2\/media\/2737"}],"wp:attachment":[{"href":"https:\/\/rayt.com\/fr\/wp-json\/wp\/v2\/media?parent=4317"}],"wp:term":[{"taxonomy":"product_cat","embeddable":true,"href":"https:\/\/rayt.com\/fr\/wp-json\/wp\/v2\/product_cat?post=4317"},{"taxonomy":"product_tag","embeddable":true,"href":"https:\/\/rayt.com\/fr\/wp-json\/wp\/v2\/product_tag?post=4317"}],"curies":[{"name":"wp","href":"https:\/\/api.w.org\/{rel}","templated":true}]}}