{"id":4425,"date":"2020-11-06T10:05:49","date_gmt":"2020-12-24T09:48:41","guid":{"rendered":"http:\/\/rayt.com\/?post_type=product&#038;p=4425"},"modified":"2021-02-12T10:51:34","modified_gmt":"2021-02-12T10:51:34","slug":"g-1217-n","status":"publish","type":"product","link":"https:\/\/rayt.com\/fr\/producto\/g-1217-n\/","title":{"rendered":"G-1217-N"},"content":{"rendered":"<p>ADH\u00c9SIF EN DISPERSION AQUEUSE POUR PAPIER ET CARTON. STANDARD.<br \/>\nAdh\u00e9sif appropri\u00e9 pour le collage d&rsquo;\u00e9pines de livre dans le processus de liaison et pour les manipul\u00e9s de papier\/carton en g\u00e9n\u00e9ral.<\/p>\n<h4>CARACTERISTIQUES<\/h4>\n<p>Excellente p\u00e9netration dans le papier.<br \/>\nFlexibilit\u00e9 excellente.<br \/>\nS\u00e9chage rapide.<br \/>\nConforme FDA 175.105 pour contact alimentaire indirect.<\/p>\n","protected":false},"excerpt":{"rendered":"<p>ADH\u00c9SIF EN DISPERSION AQUEUSE POUR PAPIER ET CARTON. STANDARD. Adh\u00e9sif<\/p>\n","protected":false},"featured_media":4022,"comment_status":"open","ping_status":"closed","template":"","meta":{"_acf_changed":false},"product_cat":[599,1323,1337,1038,1035,602,605,614],"product_tag":[],"acf":[],"_links":{"self":[{"href":"https:\/\/rayt.com\/fr\/wp-json\/wp\/v2\/product\/4425"}],"collection":[{"href":"https:\/\/rayt.com\/fr\/wp-json\/wp\/v2\/product"}],"about":[{"href":"https:\/\/rayt.com\/fr\/wp-json\/wp\/v2\/types\/product"}],"replies":[{"embeddable":true,"href":"https:\/\/rayt.com\/fr\/wp-json\/wp\/v2\/comments?post=4425"}],"wp:featuredmedia":[{"embeddable":true,"href":"https:\/\/rayt.com\/fr\/wp-json\/wp\/v2\/media\/4022"}],"wp:attachment":[{"href":"https:\/\/rayt.com\/fr\/wp-json\/wp\/v2\/media?parent=4425"}],"wp:term":[{"taxonomy":"product_cat","embeddable":true,"href":"https:\/\/rayt.com\/fr\/wp-json\/wp\/v2\/product_cat?post=4425"},{"taxonomy":"product_tag","embeddable":true,"href":"https:\/\/rayt.com\/fr\/wp-json\/wp\/v2\/product_tag?post=4425"}],"curies":[{"name":"wp","href":"https:\/\/api.w.org\/{rel}","templated":true}]}}