{"id":4428,"date":"2020-11-06T10:06:15","date_gmt":"2020-12-24T09:58:23","guid":{"rendered":"http:\/\/rayt.com\/?post_type=product&#038;p=4428"},"modified":"2021-02-12T10:52:48","modified_gmt":"2021-02-12T10:52:48","slug":"g-1217-n-rosa","status":"publish","type":"product","link":"https:\/\/rayt.com\/fr\/producto\/g-1217-n-rosa\/","title":{"rendered":"G-1217-N ROSA"},"content":{"rendered":"<p>ADH\u00c9SIF EN DISPERSION AQUEUSE POUR PAPIER ET CARTON. TEINT.<br \/>\nAdh\u00e9sif couleur ros\u00e9 appropri\u00e9 pour le collage d&rsquo;\u00e9pines de livre dans le processus de liaison et pour les manipul\u00e9s de papier\/carton en g\u00e9n\u00e9ral.<\/p>\n<h4>CARACTERISTIQUES<\/h4>\n<p>Excellente p\u00e9netration dans le papier.<br \/>\nPigment\u00e9e en rose.<br \/>\nFlexibilit\u00e9 excellente.<br \/>\nS\u00e9chage rapide.<br \/>\nConforme FDA 175.105 pour contact alimentaire indirect.<\/p>\n","protected":false},"excerpt":{"rendered":"<p>ADH\u00c9SIF EN DISPERSION AQUEUSE POUR PAPIER ET CARTON. TEINT. Adh\u00e9sif<\/p>\n","protected":false},"featured_media":4022,"comment_status":"open","ping_status":"closed","template":"","meta":{"_acf_changed":false},"product_cat":[599,1323,1337,1038,1035,602,605,614],"product_tag":[],"acf":[],"_links":{"self":[{"href":"https:\/\/rayt.com\/fr\/wp-json\/wp\/v2\/product\/4428"}],"collection":[{"href":"https:\/\/rayt.com\/fr\/wp-json\/wp\/v2\/product"}],"about":[{"href":"https:\/\/rayt.com\/fr\/wp-json\/wp\/v2\/types\/product"}],"replies":[{"embeddable":true,"href":"https:\/\/rayt.com\/fr\/wp-json\/wp\/v2\/comments?post=4428"}],"wp:featuredmedia":[{"embeddable":true,"href":"https:\/\/rayt.com\/fr\/wp-json\/wp\/v2\/media\/4022"}],"wp:attachment":[{"href":"https:\/\/rayt.com\/fr\/wp-json\/wp\/v2\/media?parent=4428"}],"wp:term":[{"taxonomy":"product_cat","embeddable":true,"href":"https:\/\/rayt.com\/fr\/wp-json\/wp\/v2\/product_cat?post=4428"},{"taxonomy":"product_tag","embeddable":true,"href":"https:\/\/rayt.com\/fr\/wp-json\/wp\/v2\/product_tag?post=4428"}],"curies":[{"name":"wp","href":"https:\/\/api.w.org\/{rel}","templated":true}]}}