{"id":4432,"date":"2020-11-06T10:13:30","date_gmt":"2020-12-24T10:09:31","guid":{"rendered":"http:\/\/rayt.com\/?post_type=product&#038;p=4432"},"modified":"2021-02-12T10:56:34","modified_gmt":"2021-02-12T10:56:34","slug":"soralc-303","status":"publish","type":"product","link":"https:\/\/rayt.com\/fr\/producto\/soralc-303\/","title":{"rendered":"SORALC 303"},"content":{"rendered":"<p>ADH\u00c9SIF EN DISPERSION AQUEUSE \u00c0 BASE DE POLYM\u00c8RES SYNTH\u00c9TIQUES.<br \/>\nAdh\u00e9sif pr\u00eat \u00e0 utiliser pour l&rsquo;encollage de livres dans les machines semi-automatiques ou manuels.<\/p>\n<h4>CARACTERISTIQUES<\/h4>\n<p>Excellente p\u00e9netration dans le papier.<br \/>\nAppropri\u00e9 pour application manuel.<br \/>\nFlexibilit\u00e9 excellente.<br \/>\nS\u00e9chage rapide.<\/p>\n","protected":false},"excerpt":{"rendered":"<p>ADH\u00c9SIF EN DISPERSION AQUEUSE \u00c0 BASE DE POLYM\u00c8RES SYNTH\u00c9TIQUES. Adh\u00e9sif<\/p>\n","protected":false},"featured_media":3593,"comment_status":"open","ping_status":"closed","template":"","meta":{"_acf_changed":false},"product_cat":[599,1323,1337,1038,1035,602,605,614],"product_tag":[],"acf":[],"_links":{"self":[{"href":"https:\/\/rayt.com\/fr\/wp-json\/wp\/v2\/product\/4432"}],"collection":[{"href":"https:\/\/rayt.com\/fr\/wp-json\/wp\/v2\/product"}],"about":[{"href":"https:\/\/rayt.com\/fr\/wp-json\/wp\/v2\/types\/product"}],"replies":[{"embeddable":true,"href":"https:\/\/rayt.com\/fr\/wp-json\/wp\/v2\/comments?post=4432"}],"wp:featuredmedia":[{"embeddable":true,"href":"https:\/\/rayt.com\/fr\/wp-json\/wp\/v2\/media\/3593"}],"wp:attachment":[{"href":"https:\/\/rayt.com\/fr\/wp-json\/wp\/v2\/media?parent=4432"}],"wp:term":[{"taxonomy":"product_cat","embeddable":true,"href":"https:\/\/rayt.com\/fr\/wp-json\/wp\/v2\/product_cat?post=4432"},{"taxonomy":"product_tag","embeddable":true,"href":"https:\/\/rayt.com\/fr\/wp-json\/wp\/v2\/product_tag?post=4432"}],"curies":[{"name":"wp","href":"https:\/\/api.w.org\/{rel}","templated":true}]}}