{"id":4444,"date":"2020-11-06T10:39:08","date_gmt":"2020-12-24T10:55:28","guid":{"rendered":"http:\/\/rayt.com\/?post_type=product&#038;p=4444"},"modified":"2021-02-12T10:48:56","modified_gmt":"2021-02-12T10:48:56","slug":"g-1321-li","status":"publish","type":"product","link":"https:\/\/rayt.com\/fr\/producto\/g-1321-li\/","title":{"rendered":"G-1321-LI"},"content":{"rendered":"<p>COLLE SYNTH\u00c9TIQUE EN DISPERSION AQUEUSE POUR FAIRE DES LIVRES ET DES DOSSIERS.<br \/>\nAdh\u00e9sif appropri\u00e9 pour le collage de couvertures en PVC, Guaflex, OPP, etc., et de papiers absorbants dans la fabrication de livres \u00e0 couverture rigide.<\/p>\n<h4>CARACTERISTIQUES<\/h4>\n<p>Bonne adh\u00e9sion sur PVC, guaflex, OPP, etc.<br \/>\nEmp\u00eache la formation de rides.<br \/>\nExcellente machinabilite.<br \/>\nConforme FDA 175.105 pour contact alimentaire indirect.<\/p>\n","protected":false},"excerpt":{"rendered":"<p>COLLE SYNTH\u00c9TIQUE EN DISPERSION AQUEUSE POUR FAIRE DES LIVRES ET<\/p>\n","protected":false},"featured_media":4022,"comment_status":"open","ping_status":"closed","template":"","meta":{"_acf_changed":false},"product_cat":[599,1335,1336,1046,617,1043,602,605],"product_tag":[],"acf":[],"_links":{"self":[{"href":"https:\/\/rayt.com\/fr\/wp-json\/wp\/v2\/product\/4444"}],"collection":[{"href":"https:\/\/rayt.com\/fr\/wp-json\/wp\/v2\/product"}],"about":[{"href":"https:\/\/rayt.com\/fr\/wp-json\/wp\/v2\/types\/product"}],"replies":[{"embeddable":true,"href":"https:\/\/rayt.com\/fr\/wp-json\/wp\/v2\/comments?post=4444"}],"wp:featuredmedia":[{"embeddable":true,"href":"https:\/\/rayt.com\/fr\/wp-json\/wp\/v2\/media\/4022"}],"wp:attachment":[{"href":"https:\/\/rayt.com\/fr\/wp-json\/wp\/v2\/media?parent=4444"}],"wp:term":[{"taxonomy":"product_cat","embeddable":true,"href":"https:\/\/rayt.com\/fr\/wp-json\/wp\/v2\/product_cat?post=4444"},{"taxonomy":"product_tag","embeddable":true,"href":"https:\/\/rayt.com\/fr\/wp-json\/wp\/v2\/product_tag?post=4444"}],"curies":[{"name":"wp","href":"https:\/\/api.w.org\/{rel}","templated":true}]}}