{"id":4448,"date":"2020-11-06T10:45:18","date_gmt":"2020-12-24T11:06:08","guid":{"rendered":"http:\/\/rayt.com\/?post_type=product&#038;p=4448"},"modified":"2021-02-12T10:49:48","modified_gmt":"2021-02-12T10:49:48","slug":"g-1328-li","status":"publish","type":"product","link":"https:\/\/rayt.com\/fr\/producto\/g-1328-li\/","title":{"rendered":"G-1328-LI"},"content":{"rendered":"<p>ADH\u00c9SIF POUR LE COLLAGE DE LAMINES PLASTIQUES.<br \/>\nAdh\u00e9sif appropri\u00e9 pour le collage de couvertures aux processus de liaison et pour coller des mat\u00e9riaux plastifi\u00e9es sur papiers absorbants.<\/p>\n<h4>CARACTERISTIQUES<\/h4>\n<p>Bonne adh\u00e9sion sur PVC, guaflex, OPP, etc.<br \/>\nEmp\u00eache la formation de rides.<br \/>\nExcellente machinabilite.<br \/>\nConforme FDA 175.105 pour contact alimentaire indirect.<\/p>\n","protected":false},"excerpt":{"rendered":"<p>ADH\u00c9SIF POUR LE COLLAGE DE LAMINES PLASTIQUES. Adh\u00e9sif appropri\u00e9 pour<\/p>\n","protected":false},"featured_media":4022,"comment_status":"open","ping_status":"closed","template":"","meta":{"_acf_changed":false},"product_cat":[599,1335,1336,1046,617,1043,602,605],"product_tag":[],"acf":[],"_links":{"self":[{"href":"https:\/\/rayt.com\/fr\/wp-json\/wp\/v2\/product\/4448"}],"collection":[{"href":"https:\/\/rayt.com\/fr\/wp-json\/wp\/v2\/product"}],"about":[{"href":"https:\/\/rayt.com\/fr\/wp-json\/wp\/v2\/types\/product"}],"replies":[{"embeddable":true,"href":"https:\/\/rayt.com\/fr\/wp-json\/wp\/v2\/comments?post=4448"}],"wp:featuredmedia":[{"embeddable":true,"href":"https:\/\/rayt.com\/fr\/wp-json\/wp\/v2\/media\/4022"}],"wp:attachment":[{"href":"https:\/\/rayt.com\/fr\/wp-json\/wp\/v2\/media?parent=4448"}],"wp:term":[{"taxonomy":"product_cat","embeddable":true,"href":"https:\/\/rayt.com\/fr\/wp-json\/wp\/v2\/product_cat?post=4448"},{"taxonomy":"product_tag","embeddable":true,"href":"https:\/\/rayt.com\/fr\/wp-json\/wp\/v2\/product_tag?post=4448"}],"curies":[{"name":"wp","href":"https:\/\/api.w.org\/{rel}","templated":true}]}}