{"id":4452,"date":"2020-11-06T10:08:32","date_gmt":"2020-12-24T11:22:06","guid":{"rendered":"http:\/\/rayt.com\/?post_type=product&#038;p=4452"},"modified":"2021-02-12T10:54:25","modified_gmt":"2021-02-12T10:54:25","slug":"g-1311-li","status":"publish","type":"product","link":"https:\/\/rayt.com\/fr\/producto\/g-1311-li\/","title":{"rendered":"G-1311-LI"},"content":{"rendered":"<p>COLLE EN DISPERSION AQUEUSE POUR LE PAPIER ET LE CARTON. HAUTE QUALIT\u00c9.<br \/>\nAdh\u00e9sif appropri\u00e9 pour le collage d&rsquo;\u00e9pines de livre dans le processus de liaison et pour les manipul\u00e9s de papier\/carton en g\u00e9n\u00e9ral.<\/p>\n<h4>CARACTERISTIQUES<\/h4>\n<p>Pour utiliser dans de machines automatiques comme KOLBUS, Martini, etc. et dans de machines semi-manuels.<br \/>\nExcellente p\u00e9netration dans le papier.<br \/>\nFlexibilit\u00e9 excellente.<br \/>\nS\u00e9chage rapide.<\/p>\n","protected":false},"excerpt":{"rendered":"<p>COLLE EN DISPERSION AQUEUSE POUR LE PAPIER ET LE CARTON.<\/p>\n","protected":false},"featured_media":2996,"comment_status":"open","ping_status":"closed","template":"","meta":{"_acf_changed":false},"product_cat":[599,1323,602,605,614],"product_tag":[],"acf":[],"_links":{"self":[{"href":"https:\/\/rayt.com\/fr\/wp-json\/wp\/v2\/product\/4452"}],"collection":[{"href":"https:\/\/rayt.com\/fr\/wp-json\/wp\/v2\/product"}],"about":[{"href":"https:\/\/rayt.com\/fr\/wp-json\/wp\/v2\/types\/product"}],"replies":[{"embeddable":true,"href":"https:\/\/rayt.com\/fr\/wp-json\/wp\/v2\/comments?post=4452"}],"wp:featuredmedia":[{"embeddable":true,"href":"https:\/\/rayt.com\/fr\/wp-json\/wp\/v2\/media\/2996"}],"wp:attachment":[{"href":"https:\/\/rayt.com\/fr\/wp-json\/wp\/v2\/media?parent=4452"}],"wp:term":[{"taxonomy":"product_cat","embeddable":true,"href":"https:\/\/rayt.com\/fr\/wp-json\/wp\/v2\/product_cat?post=4452"},{"taxonomy":"product_tag","embeddable":true,"href":"https:\/\/rayt.com\/fr\/wp-json\/wp\/v2\/product_tag?post=4452"}],"curies":[{"name":"wp","href":"https:\/\/api.w.org\/{rel}","templated":true}]}}