{"id":4494,"date":"2020-11-06T10:23:34","date_gmt":"2020-12-28T08:48:31","guid":{"rendered":"http:\/\/rayt.com\/?post_type=product&#038;p=4494"},"modified":"2021-02-12T11:00:58","modified_gmt":"2021-02-12T11:00:58","slug":"g-6439-p-blanco","status":"publish","type":"product","link":"https:\/\/rayt.com\/fr\/producto\/g-6439-p-blanco\/","title":{"rendered":"G-6439-P-BLANCO"},"content":{"rendered":"<p>HOT-MELT BLANC POUR LA RELIURE DES LIVRES ET MAGASINS.<br \/>\nAdh\u00e9sif blanc pigment\u00e9 sp\u00e9cial pour la reliure.<\/p>\n<h4>CARACTERISTIQUES<\/h4>\n<p>Adh\u00e9sif pour le dos de livres dans les machines automatiques.<br \/>\nFusion facile. Une bonne fluidit\u00e9.<br \/>\nTemps ouvert moyenne.<br \/>\nBonne souplesse.<\/p>\n","protected":false},"excerpt":{"rendered":"<p>HOT-MELT BLANC POUR LA RELIURE DES LIVRES ET MAGASINS. Adh\u00e9sif<\/p>\n","protected":false},"featured_media":2876,"comment_status":"open","ping_status":"closed","template":"","meta":{"_acf_changed":false},"product_cat":[599,1326,602,605,614],"product_tag":[],"acf":[],"_links":{"self":[{"href":"https:\/\/rayt.com\/fr\/wp-json\/wp\/v2\/product\/4494"}],"collection":[{"href":"https:\/\/rayt.com\/fr\/wp-json\/wp\/v2\/product"}],"about":[{"href":"https:\/\/rayt.com\/fr\/wp-json\/wp\/v2\/types\/product"}],"replies":[{"embeddable":true,"href":"https:\/\/rayt.com\/fr\/wp-json\/wp\/v2\/comments?post=4494"}],"wp:featuredmedia":[{"embeddable":true,"href":"https:\/\/rayt.com\/fr\/wp-json\/wp\/v2\/media\/2876"}],"wp:attachment":[{"href":"https:\/\/rayt.com\/fr\/wp-json\/wp\/v2\/media?parent=4494"}],"wp:term":[{"taxonomy":"product_cat","embeddable":true,"href":"https:\/\/rayt.com\/fr\/wp-json\/wp\/v2\/product_cat?post=4494"},{"taxonomy":"product_tag","embeddable":true,"href":"https:\/\/rayt.com\/fr\/wp-json\/wp\/v2\/product_tag?post=4494"}],"curies":[{"name":"wp","href":"https:\/\/api.w.org\/{rel}","templated":true}]}}